{"id":28,"date":"2017-03-22T12:12:54","date_gmt":"2017-03-22T12:12:54","guid":{"rendered":"http:\/\/localhost\/hoef\/?page_id=28"},"modified":"2017-09-15T12:57:44","modified_gmt":"2017-09-15T12:57:44","slug":"vuca-management","status":"publish","type":"page","link":"https:\/\/hoefligerpartners.swiss\/de\/vuca-management\/","title":{"rendered":"VUCA Management \u2013 F\u00fchren in Volatilit\u00e4t, Unsicherheit, Komplexit\u00e4t, Ambiguit\u00e4t"},"content":{"rendered":"<p>[vc_row][vc_column width=&#8220;1\/2&#8243;][vc_single_image image=&#8220;278&#8243; img_size=&#8220;577&#215;313&#8243; alignment=&#8220;center&#8220;][\/vc_column][vc_column width=&#8220;1\/2&#8243;][vc_column_text]Um ambitionierte Ziele in unserer volatilen, unsichereren, komplexen und ambigen Welt zu erreichen, braucht es ein neues Betriebssystem und eine neue Unternehmenskultur.<\/p>\n<p>Wir helfen Organisationen, die turbulente VUCA Welt nicht als Bedrohung und Frustration wahrzunehmen, sondern als Chance um sich zu transformieren, zu wachsen und zu prosperieren.<\/p>\n<p>Wir schaffen die notwendigen Reflexions- und Gestaltungsr\u00e4ume f\u00fcr F\u00fchrungskr\u00e4fte und Teams, um die Organisation agiler und reaktionsschneller zu machen, Wettbewerbsvorteile zu generieren, Risiken zu minimieren und die Performance zu erh\u00f6hen.<\/p>\n<p>Dabei steht die Erschaffung einer Kultur und Struktur im Vordergrund, die hohe Selbstverantwortung und Selbstorganisation erm\u00f6glicht.[\/vc_column_text][\/vc_column][\/vc_row]<\/p>","protected":false},"excerpt":{"rendered":"<p>[vc_row][vc_column width=&#8220;1\/2&#8243;][vc_single_image image=&#8220;278&#8243; img_size=&#8220;577&#215;313&#8243; alignment=&#8220;center&#8220;][\/vc_column][vc_column width=&#8220;1\/2&#8243;][vc_column_text]Um ambitionierte Ziele in unserer volatilen, unsichereren, komplexen und ambigen Welt zu erreichen, braucht es ein neues Betriebssystem und eine neue Unternehmenskultur. Wir helfen Organisationen, die turbulente VUCA Welt nicht als Bedrohung und Frustration wahrzunehmen, sondern als Chance um sich zu transformieren, zu wachsen und zu prosperieren. Wir schaffen die&hellip;<\/p>\n","protected":false},"author":1,"featured_media":0,"parent":0,"menu_order":0,"comment_status":"closed","ping_status":"closed","template":"","meta":{"footnotes":""},"class_list":["post-28","page","type-page","status-publish","hentry","description-off"],"yoast_head":"<!-- This site is optimized with the Yoast SEO plugin v27.5 - https:\/\/yoast.com\/product\/yoast-seo-wordpress\/ -->\n<title>VUCA Management \u2013 F\u00fchren in Volatilit\u00e4t, Unsicherheit, Komplexit\u00e4t, Ambiguit\u00e4t - Hoefliger Partners<\/title>\n<meta name=\"robots\" content=\"index, follow, max-snippet:-1, max-image-preview:large, max-video-preview:-1\" \/>\n<link rel=\"canonical\" href=\"https:\/\/hoefligerpartners.swiss\/vuca-management\/\" \/>\n<meta property=\"og:locale\" content=\"de_DE\" \/>\n<meta property=\"og:type\" content=\"article\" \/>\n<meta property=\"og:title\" content=\"VUCA Management \u2013 F\u00fchren in Volatilit\u00e4t, Unsicherheit, Komplexit\u00e4t, Ambiguit\u00e4t - Hoefliger Partners\" \/>\n<meta property=\"og:description\" content=\"[vc_row][vc_column width=&#8220;1\/2&#8243;][vc_single_image image=&#8220;278&#8243; img_size=&#8220;577&#215;313&#8243; alignment=&#8220;center&#8220;][\/vc_column][vc_column width=&#8220;1\/2&#8243;][vc_column_text]Um ambitionierte Ziele in unserer volatilen, unsichereren, komplexen und ambigen Welt zu erreichen, braucht es ein neues Betriebssystem und eine neue Unternehmenskultur. Wir helfen Organisationen, die turbulente VUCA Welt nicht als Bedrohung und Frustration wahrzunehmen, sondern als Chance um sich zu transformieren, zu wachsen und zu prosperieren. Wir schaffen die&hellip;\" \/>\n<meta property=\"og:url\" content=\"https:\/\/hoefligerpartners.swiss\/vuca-management\/\" \/>\n<meta property=\"og:site_name\" content=\"Hoefliger Partners\" \/>\n<meta property=\"article:modified_time\" content=\"2017-09-15T12:57:44+00:00\" \/>\n<meta name=\"twitter:card\" content=\"summary_large_image\" \/>\n<meta name=\"twitter:label1\" content=\"Gesch\u00e4tzte Lesezeit\" \/>\n\t<meta name=\"twitter:data1\" content=\"1\u00a0Minute\" \/>\n<script type=\"application\/ld+json\" class=\"yoast-schema-graph\">{\"@context\":\"https:\\\/\\\/schema.org\",\"@graph\":[{\"@type\":\"WebPage\",\"@id\":\"https:\\\/\\\/hoefligerpartners.swiss\\\/vuca-management\\\/\",\"url\":\"https:\\\/\\\/hoefligerpartners.swiss\\\/vuca-management\\\/\",\"name\":\"VUCA Management \u2013 F\u00fchren in Volatilit\u00e4t, Unsicherheit, Komplexit\u00e4t, Ambiguit\u00e4t - Hoefliger Partners\",\"isPartOf\":{\"@id\":\"https:\\\/\\\/hoefligerpartners.swiss\\\/#website\"},\"datePublished\":\"2017-03-22T12:12:54+00:00\",\"dateModified\":\"2017-09-15T12:57:44+00:00\",\"breadcrumb\":{\"@id\":\"https:\\\/\\\/hoefligerpartners.swiss\\\/vuca-management\\\/#breadcrumb\"},\"inLanguage\":\"de\",\"potentialAction\":[{\"@type\":\"ReadAction\",\"target\":[\"https:\\\/\\\/hoefligerpartners.swiss\\\/vuca-management\\\/\"]}]},{\"@type\":\"BreadcrumbList\",\"@id\":\"https:\\\/\\\/hoefligerpartners.swiss\\\/vuca-management\\\/#breadcrumb\",\"itemListElement\":[{\"@type\":\"ListItem\",\"position\":1,\"name\":\"Home\",\"item\":\"https:\\\/\\\/hoefligerpartners.swiss\\\/\"},{\"@type\":\"ListItem\",\"position\":2,\"name\":\"VUCA Management \u2013 F\u00fchren in Volatilit\u00e4t, Unsicherheit, Komplexit\u00e4t, Ambiguit\u00e4t\"}]},{\"@type\":\"WebSite\",\"@id\":\"https:\\\/\\\/hoefligerpartners.swiss\\\/#website\",\"url\":\"https:\\\/\\\/hoefligerpartners.swiss\\\/\",\"name\":\"Hoefliger Partners\",\"description\":\"Business Transformation - Kulturentwicklung - Organisationsentwicklung - Demokratisierung von Organisationen\",\"publisher\":{\"@id\":\"https:\\\/\\\/hoefligerpartners.swiss\\\/#organization\"},\"potentialAction\":[{\"@type\":\"SearchAction\",\"target\":{\"@type\":\"EntryPoint\",\"urlTemplate\":\"https:\\\/\\\/hoefligerpartners.swiss\\\/?s={search_term_string}\"},\"query-input\":{\"@type\":\"PropertyValueSpecification\",\"valueRequired\":true,\"valueName\":\"search_term_string\"}}],\"inLanguage\":\"de\"},{\"@type\":\"Organization\",\"@id\":\"https:\\\/\\\/hoefligerpartners.swiss\\\/#organization\",\"name\":\"Hoefliger Partners\",\"url\":\"https:\\\/\\\/hoefligerpartners.swiss\\\/\",\"logo\":{\"@type\":\"ImageObject\",\"inLanguage\":\"de\",\"@id\":\"https:\\\/\\\/hoefligerpartners.swiss\\\/#\\\/schema\\\/logo\\\/image\\\/\",\"url\":\"https:\\\/\\\/hoefligerpartners.swiss\\\/wp-content\\\/uploads\\\/2017\\\/09\\\/Hoefliger_Partners_logo.png\",\"contentUrl\":\"https:\\\/\\\/hoefligerpartners.swiss\\\/wp-content\\\/uploads\\\/2017\\\/09\\\/Hoefliger_Partners_logo.png\",\"width\":842,\"height\":270,\"caption\":\"Hoefliger Partners\"},\"image\":{\"@id\":\"https:\\\/\\\/hoefligerpartners.swiss\\\/#\\\/schema\\\/logo\\\/image\\\/\"}}]}<\/script>\n<!-- \/ Yoast SEO plugin. -->","yoast_head_json":{"title":"VUCA Management \u2013 F\u00fchren in Volatilit\u00e4t, Unsicherheit, Komplexit\u00e4t, Ambiguit\u00e4t - Hoefliger Partners","robots":{"index":"index","follow":"follow","max-snippet":"max-snippet:-1","max-image-preview":"max-image-preview:large","max-video-preview":"max-video-preview:-1"},"canonical":"https:\/\/hoefligerpartners.swiss\/vuca-management\/","og_locale":"de_DE","og_type":"article","og_title":"VUCA Management \u2013 F\u00fchren in Volatilit\u00e4t, Unsicherheit, Komplexit\u00e4t, Ambiguit\u00e4t - Hoefliger Partners","og_description":"[vc_row][vc_column width=&#8220;1\/2&#8243;][vc_single_image image=&#8220;278&#8243; img_size=&#8220;577&#215;313&#8243; alignment=&#8220;center&#8220;][\/vc_column][vc_column width=&#8220;1\/2&#8243;][vc_column_text]Um ambitionierte Ziele in unserer volatilen, unsichereren, komplexen und ambigen Welt zu erreichen, braucht es ein neues Betriebssystem und eine neue Unternehmenskultur. Wir helfen Organisationen, die turbulente VUCA Welt nicht als Bedrohung und Frustration wahrzunehmen, sondern als Chance um sich zu transformieren, zu wachsen und zu prosperieren. Wir schaffen die&hellip;","og_url":"https:\/\/hoefligerpartners.swiss\/vuca-management\/","og_site_name":"Hoefliger Partners","article_modified_time":"2017-09-15T12:57:44+00:00","twitter_card":"summary_large_image","twitter_misc":{"Gesch\u00e4tzte Lesezeit":"1\u00a0Minute"},"schema":{"@context":"https:\/\/schema.org","@graph":[{"@type":"WebPage","@id":"https:\/\/hoefligerpartners.swiss\/vuca-management\/","url":"https:\/\/hoefligerpartners.swiss\/vuca-management\/","name":"VUCA Management \u2013 F\u00fchren in Volatilit\u00e4t, Unsicherheit, Komplexit\u00e4t, Ambiguit\u00e4t - Hoefliger Partners","isPartOf":{"@id":"https:\/\/hoefligerpartners.swiss\/#website"},"datePublished":"2017-03-22T12:12:54+00:00","dateModified":"2017-09-15T12:57:44+00:00","breadcrumb":{"@id":"https:\/\/hoefligerpartners.swiss\/vuca-management\/#breadcrumb"},"inLanguage":"de","potentialAction":[{"@type":"ReadAction","target":["https:\/\/hoefligerpartners.swiss\/vuca-management\/"]}]},{"@type":"BreadcrumbList","@id":"https:\/\/hoefligerpartners.swiss\/vuca-management\/#breadcrumb","itemListElement":[{"@type":"ListItem","position":1,"name":"Home","item":"https:\/\/hoefligerpartners.swiss\/"},{"@type":"ListItem","position":2,"name":"VUCA Management \u2013 F\u00fchren in Volatilit\u00e4t, Unsicherheit, Komplexit\u00e4t, Ambiguit\u00e4t"}]},{"@type":"WebSite","@id":"https:\/\/hoefligerpartners.swiss\/#website","url":"https:\/\/hoefligerpartners.swiss\/","name":"Hoefliger Partners","description":"Business Transformation - Kulturentwicklung - Organisationsentwicklung - Demokratisierung von Organisationen","publisher":{"@id":"https:\/\/hoefligerpartners.swiss\/#organization"},"potentialAction":[{"@type":"SearchAction","target":{"@type":"EntryPoint","urlTemplate":"https:\/\/hoefligerpartners.swiss\/?s={search_term_string}"},"query-input":{"@type":"PropertyValueSpecification","valueRequired":true,"valueName":"search_term_string"}}],"inLanguage":"de"},{"@type":"Organization","@id":"https:\/\/hoefligerpartners.swiss\/#organization","name":"Hoefliger Partners","url":"https:\/\/hoefligerpartners.swiss\/","logo":{"@type":"ImageObject","inLanguage":"de","@id":"https:\/\/hoefligerpartners.swiss\/#\/schema\/logo\/image\/","url":"https:\/\/hoefligerpartners.swiss\/wp-content\/uploads\/2017\/09\/Hoefliger_Partners_logo.png","contentUrl":"https:\/\/hoefligerpartners.swiss\/wp-content\/uploads\/2017\/09\/Hoefliger_Partners_logo.png","width":842,"height":270,"caption":"Hoefliger Partners"},"image":{"@id":"https:\/\/hoefligerpartners.swiss\/#\/schema\/logo\/image\/"}}]}},"_links":{"self":[{"href":"https:\/\/hoefligerpartners.swiss\/de\/wp-json\/wp\/v2\/pages\/28","targetHints":{"allow":["GET"]}}],"collection":[{"href":"https:\/\/hoefligerpartners.swiss\/de\/wp-json\/wp\/v2\/pages"}],"about":[{"href":"https:\/\/hoefligerpartners.swiss\/de\/wp-json\/wp\/v2\/types\/page"}],"author":[{"embeddable":true,"href":"https:\/\/hoefligerpartners.swiss\/de\/wp-json\/wp\/v2\/users\/1"}],"replies":[{"embeddable":true,"href":"https:\/\/hoefligerpartners.swiss\/de\/wp-json\/wp\/v2\/comments?post=28"}],"version-history":[{"count":11,"href":"https:\/\/hoefligerpartners.swiss\/de\/wp-json\/wp\/v2\/pages\/28\/revisions"}],"predecessor-version":[{"id":656,"href":"https:\/\/hoefligerpartners.swiss\/de\/wp-json\/wp\/v2\/pages\/28\/revisions\/656"}],"wp:attachment":[{"href":"https:\/\/hoefligerpartners.swiss\/de\/wp-json\/wp\/v2\/media?parent=28"}],"curies":[{"name":"wp","href":"https:\/\/api.w.org\/{rel}","templated":true}]}}