{"id":26,"date":"2017-03-22T12:12:45","date_gmt":"2017-03-22T12:12:45","guid":{"rendered":"http:\/\/localhost\/hoef\/?page_id=26"},"modified":"2017-09-15T13:03:26","modified_gmt":"2017-09-15T13:03:26","slug":"mission-vision-values-strategy","status":"publish","type":"page","link":"https:\/\/hoefligerpartners.swiss\/de\/mission-vision-values-strategy\/","title":{"rendered":"Entwicklung und Umsetzung von Mission\/Unternehmenszweck, Vision, Werte und Strategie"},"content":{"rendered":"<p>[vc_row][vc_column width=&#8220;1\/2&#8243;][vc_single_image image=&#8220;287&#8243; img_size=&#8220;577&#215;313&#8243; alignment=&#8220;center&#8220;][\/vc_column][vc_column width=&#8220;1\/2&#8243;][vc_column_text]Mission\/Unternehmenszweck, Vision, Werte und Strategie sind <strong>wesentliche Treiber<\/strong> f\u00fcr <strong>Ausrichtung<\/strong>, <strong>Engagement<\/strong> und <strong>Verantwortungs\u00fcbernahme<\/strong> (Commitment) im Betrieb.<\/p>\n<p>Wer sind wir? Woher kommen wir? Was macht uns einzigartig?<\/p>\n<p>Was ist unser Auftrag, unsere \u201cMission\u201d, unser Existenzgrund, unser \u201craison d&#8217;\u00eatre\u201d?<\/p>\n<p>Wo wollen wir hin? Was ist unsere Vision?<\/p>\n<p>Wie kommen wir dorthin? Was ist unsere Strategie?<\/p>\n<p>F\u00fchrungskr\u00e4fte brauchen Raum f\u00fcr Reflexion&#8230;<\/p>\n<p>Raum f\u00fcr Achtsamkeit und Bewusstsein, um zu erkennen was ist, Raum f\u00fcr Klarheit<\/p>\n<p>Raum f\u00fcr Intuition und Inspiration, um zu realisieren, was sein sollte, Raum f\u00fcr Visionen<\/p>\n<p>Raum f\u00fcr Verbundenheit, f\u00fcr Mitgef\u00fchl, f\u00fcr Vertrauensbildung und Verantwortungs\u00fcbernahme (commitment).<\/p>\n<p>Diese R\u00e4ume zu gestalten und zu halten ist unsere Passion, und wir f\u00fchren den dazu notwendigen Change Prozess.<\/p>\n<p>[\/vc_column_text][\/vc_column][\/vc_row]<\/p>","protected":false},"excerpt":{"rendered":"<p>[vc_row][vc_column width=&#8220;1\/2&#8243;][vc_single_image image=&#8220;287&#8243; img_size=&#8220;577&#215;313&#8243; alignment=&#8220;center&#8220;][\/vc_column][vc_column width=&#8220;1\/2&#8243;][vc_column_text]Mission\/Unternehmenszweck, Vision, Werte und Strategie sind wesentliche Treiber f\u00fcr Ausrichtung, Engagement und Verantwortungs\u00fcbernahme (Commitment) im Betrieb. Wer sind wir? Woher kommen wir? Was macht uns einzigartig? Was ist unser Auftrag, unsere \u201cMission\u201d, unser Existenzgrund, unser \u201craison d&#8217;\u00eatre\u201d? Wo wollen wir hin? Was ist unsere Vision? Wie kommen wir dorthin? Was&hellip;<\/p>\n","protected":false},"author":1,"featured_media":0,"parent":0,"menu_order":0,"comment_status":"closed","ping_status":"closed","template":"","meta":{"footnotes":""},"class_list":["post-26","page","type-page","status-publish","hentry","description-off"],"yoast_head":"<!-- This site is optimized with the Yoast SEO plugin v27.5 - https:\/\/yoast.com\/product\/yoast-seo-wordpress\/ -->\n<title>Entwicklung und Umsetzung von Mission\/Unternehmenszweck, Vision, Werte und Strategie - Hoefliger Partners<\/title>\n<meta name=\"robots\" content=\"index, follow, max-snippet:-1, max-image-preview:large, max-video-preview:-1\" \/>\n<link rel=\"canonical\" href=\"https:\/\/hoefligerpartners.swiss\/mission-vision-values-strategy\/\" \/>\n<meta property=\"og:locale\" content=\"de_DE\" \/>\n<meta property=\"og:type\" content=\"article\" \/>\n<meta property=\"og:title\" content=\"Entwicklung und Umsetzung von Mission\/Unternehmenszweck, Vision, Werte und Strategie - Hoefliger Partners\" \/>\n<meta property=\"og:description\" content=\"[vc_row][vc_column width=&#8220;1\/2&#8243;][vc_single_image image=&#8220;287&#8243; img_size=&#8220;577&#215;313&#8243; alignment=&#8220;center&#8220;][\/vc_column][vc_column width=&#8220;1\/2&#8243;][vc_column_text]Mission\/Unternehmenszweck, Vision, Werte und Strategie sind wesentliche Treiber f\u00fcr Ausrichtung, Engagement und Verantwortungs\u00fcbernahme (Commitment) im Betrieb. Wer sind wir? Woher kommen wir? Was macht uns einzigartig? Was ist unser Auftrag, unsere \u201cMission\u201d, unser Existenzgrund, unser \u201craison d&#8217;\u00eatre\u201d? Wo wollen wir hin? Was ist unsere Vision? Wie kommen wir dorthin? Was&hellip;\" \/>\n<meta property=\"og:url\" content=\"https:\/\/hoefligerpartners.swiss\/mission-vision-values-strategy\/\" \/>\n<meta property=\"og:site_name\" content=\"Hoefliger Partners\" \/>\n<meta property=\"article:modified_time\" content=\"2017-09-15T13:03:26+00:00\" \/>\n<meta name=\"twitter:card\" content=\"summary_large_image\" \/>\n<meta name=\"twitter:label1\" content=\"Gesch\u00e4tzte Lesezeit\" \/>\n\t<meta name=\"twitter:data1\" content=\"2\u00a0Minuten\" \/>\n<script type=\"application\/ld+json\" class=\"yoast-schema-graph\">{\"@context\":\"https:\\\/\\\/schema.org\",\"@graph\":[{\"@type\":\"WebPage\",\"@id\":\"https:\\\/\\\/hoefligerpartners.swiss\\\/mission-vision-values-strategy\\\/\",\"url\":\"https:\\\/\\\/hoefligerpartners.swiss\\\/mission-vision-values-strategy\\\/\",\"name\":\"Entwicklung und Umsetzung von Mission\\\/Unternehmenszweck, Vision, Werte und Strategie - Hoefliger Partners\",\"isPartOf\":{\"@id\":\"https:\\\/\\\/hoefligerpartners.swiss\\\/#website\"},\"datePublished\":\"2017-03-22T12:12:45+00:00\",\"dateModified\":\"2017-09-15T13:03:26+00:00\",\"breadcrumb\":{\"@id\":\"https:\\\/\\\/hoefligerpartners.swiss\\\/mission-vision-values-strategy\\\/#breadcrumb\"},\"inLanguage\":\"de\",\"potentialAction\":[{\"@type\":\"ReadAction\",\"target\":[\"https:\\\/\\\/hoefligerpartners.swiss\\\/mission-vision-values-strategy\\\/\"]}]},{\"@type\":\"BreadcrumbList\",\"@id\":\"https:\\\/\\\/hoefligerpartners.swiss\\\/mission-vision-values-strategy\\\/#breadcrumb\",\"itemListElement\":[{\"@type\":\"ListItem\",\"position\":1,\"name\":\"Home\",\"item\":\"https:\\\/\\\/hoefligerpartners.swiss\\\/\"},{\"@type\":\"ListItem\",\"position\":2,\"name\":\"Entwicklung und Umsetzung von Mission\\\/Unternehmenszweck, Vision, Werte und Strategie\"}]},{\"@type\":\"WebSite\",\"@id\":\"https:\\\/\\\/hoefligerpartners.swiss\\\/#website\",\"url\":\"https:\\\/\\\/hoefligerpartners.swiss\\\/\",\"name\":\"Hoefliger Partners\",\"description\":\"Business Transformation - Kulturentwicklung - Organisationsentwicklung - Demokratisierung von Organisationen\",\"publisher\":{\"@id\":\"https:\\\/\\\/hoefligerpartners.swiss\\\/#organization\"},\"potentialAction\":[{\"@type\":\"SearchAction\",\"target\":{\"@type\":\"EntryPoint\",\"urlTemplate\":\"https:\\\/\\\/hoefligerpartners.swiss\\\/?s={search_term_string}\"},\"query-input\":{\"@type\":\"PropertyValueSpecification\",\"valueRequired\":true,\"valueName\":\"search_term_string\"}}],\"inLanguage\":\"de\"},{\"@type\":\"Organization\",\"@id\":\"https:\\\/\\\/hoefligerpartners.swiss\\\/#organization\",\"name\":\"Hoefliger Partners\",\"url\":\"https:\\\/\\\/hoefligerpartners.swiss\\\/\",\"logo\":{\"@type\":\"ImageObject\",\"inLanguage\":\"de\",\"@id\":\"https:\\\/\\\/hoefligerpartners.swiss\\\/#\\\/schema\\\/logo\\\/image\\\/\",\"url\":\"https:\\\/\\\/hoefligerpartners.swiss\\\/wp-content\\\/uploads\\\/2017\\\/09\\\/Hoefliger_Partners_logo.png\",\"contentUrl\":\"https:\\\/\\\/hoefligerpartners.swiss\\\/wp-content\\\/uploads\\\/2017\\\/09\\\/Hoefliger_Partners_logo.png\",\"width\":842,\"height\":270,\"caption\":\"Hoefliger Partners\"},\"image\":{\"@id\":\"https:\\\/\\\/hoefligerpartners.swiss\\\/#\\\/schema\\\/logo\\\/image\\\/\"}}]}<\/script>\n<!-- \/ Yoast SEO plugin. -->","yoast_head_json":{"title":"Entwicklung und Umsetzung von Mission\/Unternehmenszweck, Vision, Werte und Strategie - Hoefliger Partners","robots":{"index":"index","follow":"follow","max-snippet":"max-snippet:-1","max-image-preview":"max-image-preview:large","max-video-preview":"max-video-preview:-1"},"canonical":"https:\/\/hoefligerpartners.swiss\/mission-vision-values-strategy\/","og_locale":"de_DE","og_type":"article","og_title":"Entwicklung und Umsetzung von Mission\/Unternehmenszweck, Vision, Werte und Strategie - Hoefliger Partners","og_description":"[vc_row][vc_column width=&#8220;1\/2&#8243;][vc_single_image image=&#8220;287&#8243; img_size=&#8220;577&#215;313&#8243; alignment=&#8220;center&#8220;][\/vc_column][vc_column width=&#8220;1\/2&#8243;][vc_column_text]Mission\/Unternehmenszweck, Vision, Werte und Strategie sind wesentliche Treiber f\u00fcr Ausrichtung, Engagement und Verantwortungs\u00fcbernahme (Commitment) im Betrieb. Wer sind wir? Woher kommen wir? Was macht uns einzigartig? Was ist unser Auftrag, unsere \u201cMission\u201d, unser Existenzgrund, unser \u201craison d&#8217;\u00eatre\u201d? Wo wollen wir hin? Was ist unsere Vision? Wie kommen wir dorthin? Was&hellip;","og_url":"https:\/\/hoefligerpartners.swiss\/mission-vision-values-strategy\/","og_site_name":"Hoefliger Partners","article_modified_time":"2017-09-15T13:03:26+00:00","twitter_card":"summary_large_image","twitter_misc":{"Gesch\u00e4tzte Lesezeit":"2\u00a0Minuten"},"schema":{"@context":"https:\/\/schema.org","@graph":[{"@type":"WebPage","@id":"https:\/\/hoefligerpartners.swiss\/mission-vision-values-strategy\/","url":"https:\/\/hoefligerpartners.swiss\/mission-vision-values-strategy\/","name":"Entwicklung und Umsetzung von Mission\/Unternehmenszweck, Vision, Werte und Strategie - Hoefliger Partners","isPartOf":{"@id":"https:\/\/hoefligerpartners.swiss\/#website"},"datePublished":"2017-03-22T12:12:45+00:00","dateModified":"2017-09-15T13:03:26+00:00","breadcrumb":{"@id":"https:\/\/hoefligerpartners.swiss\/mission-vision-values-strategy\/#breadcrumb"},"inLanguage":"de","potentialAction":[{"@type":"ReadAction","target":["https:\/\/hoefligerpartners.swiss\/mission-vision-values-strategy\/"]}]},{"@type":"BreadcrumbList","@id":"https:\/\/hoefligerpartners.swiss\/mission-vision-values-strategy\/#breadcrumb","itemListElement":[{"@type":"ListItem","position":1,"name":"Home","item":"https:\/\/hoefligerpartners.swiss\/"},{"@type":"ListItem","position":2,"name":"Entwicklung und Umsetzung von Mission\/Unternehmenszweck, Vision, Werte und Strategie"}]},{"@type":"WebSite","@id":"https:\/\/hoefligerpartners.swiss\/#website","url":"https:\/\/hoefligerpartners.swiss\/","name":"Hoefliger Partners","description":"Business Transformation - Kulturentwicklung - Organisationsentwicklung - Demokratisierung von Organisationen","publisher":{"@id":"https:\/\/hoefligerpartners.swiss\/#organization"},"potentialAction":[{"@type":"SearchAction","target":{"@type":"EntryPoint","urlTemplate":"https:\/\/hoefligerpartners.swiss\/?s={search_term_string}"},"query-input":{"@type":"PropertyValueSpecification","valueRequired":true,"valueName":"search_term_string"}}],"inLanguage":"de"},{"@type":"Organization","@id":"https:\/\/hoefligerpartners.swiss\/#organization","name":"Hoefliger Partners","url":"https:\/\/hoefligerpartners.swiss\/","logo":{"@type":"ImageObject","inLanguage":"de","@id":"https:\/\/hoefligerpartners.swiss\/#\/schema\/logo\/image\/","url":"https:\/\/hoefligerpartners.swiss\/wp-content\/uploads\/2017\/09\/Hoefliger_Partners_logo.png","contentUrl":"https:\/\/hoefligerpartners.swiss\/wp-content\/uploads\/2017\/09\/Hoefliger_Partners_logo.png","width":842,"height":270,"caption":"Hoefliger Partners"},"image":{"@id":"https:\/\/hoefligerpartners.swiss\/#\/schema\/logo\/image\/"}}]}},"_links":{"self":[{"href":"https:\/\/hoefligerpartners.swiss\/de\/wp-json\/wp\/v2\/pages\/26","targetHints":{"allow":["GET"]}}],"collection":[{"href":"https:\/\/hoefligerpartners.swiss\/de\/wp-json\/wp\/v2\/pages"}],"about":[{"href":"https:\/\/hoefligerpartners.swiss\/de\/wp-json\/wp\/v2\/types\/page"}],"author":[{"embeddable":true,"href":"https:\/\/hoefligerpartners.swiss\/de\/wp-json\/wp\/v2\/users\/1"}],"replies":[{"embeddable":true,"href":"https:\/\/hoefligerpartners.swiss\/de\/wp-json\/wp\/v2\/comments?post=26"}],"version-history":[{"count":22,"href":"https:\/\/hoefligerpartners.swiss\/de\/wp-json\/wp\/v2\/pages\/26\/revisions"}],"predecessor-version":[{"id":760,"href":"https:\/\/hoefligerpartners.swiss\/de\/wp-json\/wp\/v2\/pages\/26\/revisions\/760"}],"wp:attachment":[{"href":"https:\/\/hoefligerpartners.swiss\/de\/wp-json\/wp\/v2\/media?parent=26"}],"curies":[{"name":"wp","href":"https:\/\/api.w.org\/{rel}","templated":true}]}}