{"id":20,"date":"2017-03-22T12:09:00","date_gmt":"2017-03-22T12:09:00","guid":{"rendered":"http:\/\/localhost\/hoef\/?page_id=20"},"modified":"2024-05-16T14:20:58","modified_gmt":"2024-05-16T14:20:58","slug":"who-we-are","status":"publish","type":"page","link":"https:\/\/hoefligerpartners.swiss\/de\/who-we-are\/","title":{"rendered":"Wer sind wir?"},"content":{"rendered":"<p>[vc_row][vc_column width=&#8220;1\/3&#8243;][vc_single_image image=&#8220;1347&#8243; img_size=&#8220;medium&#8220; alignment=&#8220;center&#8220;][\/vc_column][vc_column width=&#8220;2\/3&#8243; css=&#8220;.vc_custom_1505214662034{padding-bottom: 30px !important;}&#8220;][vc_column_text]Als\u00a0<b>Transformation Coach<\/b> begleitet und unterst\u00fctzt <strong>Ralph H\u00f6fliger<\/strong> mit seinen Partnern seit \u00fcber 30 Jahren Organisationen und F\u00fchrungskr\u00e4fte in Transformation, insbesondere in den Bereichen Unternehmenskultur, partizipative Organisations- und Strategieentwicklung, F\u00fchren in Komplexit\u00e4t (VUCA) und Organisationsdesign f\u00fcr die n\u00e4chste Generation Organisation (agile, resiliente, selbstorganisierte, demokratisch gef\u00fchrte Unternehmen).<\/p>\n<p><strong>Er leitet und moderiert die notwendigen\u00a0Transformationsprozesse und -r\u00e4ume<\/strong>, in denen Organisationen ihre Kultur und Struktur auf die ver\u00e4nderten Rahmenbedingungen anpassen. Als Pionier in der Schweiz in der Gestaltung und Leitung von massgeschneiderten <strong>Grossgruppen<\/strong> in unternehmensweiten Ver\u00e4nderungsprozessen sch\u00f6pft er aus einen Fundus an Erfahrungen in partizipativen Methoden.<\/p>\n<p>Als <strong>Executive Coach<\/strong> und <strong>Mentor <\/strong>ist er Sparring Partner f\u00fcr F\u00fchrungskr\u00e4fte im Finden ihrer pers\u00f6nlichen Mission, Vision, Werte und L\u00f6sungen f\u00fcr herausfordernde Situationen.\u00a0Sein pers\u00f6nliches Interesse und Forschungsgebiet des menschliches Bewusstseins bef\u00e4higen ihn zu einem holistischen, authentischen und innovativen Coachingansatz.<\/p>\n<p>Ralph H\u00f6fliger ist <b>Lehrbeauftragter<\/b> an verschiedenen Fachhochschulen in seinen Fachgebieten Unternehmenskultur, Organisationsentwicklung\/Change Management, Komplexit\u00e4tsmanagement und Grossgruppeninterventionen. Er <strong>referiert<\/strong> und <a href=\"https:\/\/hoefligerpartners.swiss\/publications\/\"><strong>publiziert<\/strong><\/a> regel\u00e4ssig zu diesen Themen.<\/p>\n<p>Er war 25 Jahre <strong>Mitglied im OE-Forum Schweiz<\/strong> und davon <strong>7 Jahre im Leitungsteam<\/strong>.<\/p>\n<p>Ralph H\u00f6fliger studierte <strong>Wirtschaftsinformatik<\/strong> (lic.oec.) und <strong>Arbeits- und Betriebspsychologie<\/strong>.[\/vc_column_text][vc_column_text]Download PDF: <a href=\"https:\/\/hoefligerpartners.swiss\/wp-content\/uploads\/2023\/04\/Hoefliger_Partners_Ralph_Hoefliger_Portrait_und_Referenzen.pdf\">Portrait und Referenzen<\/a>[\/vc_column_text][\/vc_column][\/vc_row][vc_row][vc_column][vc_column_text]Unsere Beratungsteams setzen wir jeweils auf Basis der spezifischen Kundenbed\u00fcrfnisse zusammen.<\/p>\n<p>Wir arbeiten ausnahmslos mit<strong> Senior<\/strong> Coaches und Experten zusammen, die langj\u00e4hrige Erfahrung und einen entsprechenden Leistungsausweis in ihrem Gebiet besitzen.<\/p>\n<p>Aktive Mitarbeit in Verb\u00e4nden, Fachhochschulen, Alumni Organisationen und im OE-Forum Schweiz helfen uns, f\u00fcr unsere Kunden die besten Partner zu engagieren.<\/p>\n<p>[\/vc_column_text][\/vc_column][\/vc_row]<\/p>","protected":false},"excerpt":{"rendered":"<p>[vc_row][vc_column width=&#8220;1\/3&#8243;][vc_single_image image=&#8220;1347&#8243; img_size=&#8220;medium&#8220; alignment=&#8220;center&#8220;][\/vc_column][vc_column width=&#8220;2\/3&#8243; css=&#8220;.vc_custom_1505214662034{padding-bottom: 30px !important;}&#8220;][vc_column_text]Als\u00a0Transformation Coach begleitet und unterst\u00fctzt Ralph H\u00f6fliger mit seinen Partnern seit \u00fcber 30 Jahren Organisationen und F\u00fchrungskr\u00e4fte in Transformation, insbesondere in den Bereichen Unternehmenskultur, partizipative Organisations- und Strategieentwicklung, F\u00fchren in Komplexit\u00e4t (VUCA) und Organisationsdesign f\u00fcr die n\u00e4chste Generation Organisation (agile, resiliente, selbstorganisierte, demokratisch gef\u00fchrte Unternehmen). Er leitet&hellip;<\/p>\n","protected":false},"author":1,"featured_media":0,"parent":0,"menu_order":0,"comment_status":"closed","ping_status":"closed","template":"","meta":{"footnotes":""},"class_list":["post-20","page","type-page","status-publish","hentry","description-off"],"yoast_head":"<!-- This site is optimized with the Yoast SEO plugin v27.5 - https:\/\/yoast.com\/product\/yoast-seo-wordpress\/ -->\n<title>Wer sind wir? - Hoefliger Partners<\/title>\n<meta name=\"robots\" content=\"index, follow, max-snippet:-1, max-image-preview:large, max-video-preview:-1\" \/>\n<link rel=\"canonical\" href=\"https:\/\/hoefligerpartners.swiss\/who-we-are\/\" \/>\n<meta property=\"og:locale\" content=\"de_DE\" \/>\n<meta property=\"og:type\" content=\"article\" \/>\n<meta property=\"og:title\" content=\"Wer sind wir? - Hoefliger Partners\" \/>\n<meta property=\"og:description\" content=\"[vc_row][vc_column width=&#8220;1\/3&#8243;][vc_single_image image=&#8220;1347&#8243; img_size=&#8220;medium&#8220; alignment=&#8220;center&#8220;][\/vc_column][vc_column width=&#8220;2\/3&#8243; css=&#8220;.vc_custom_1505214662034{padding-bottom: 30px !important;}&#8220;][vc_column_text]Als\u00a0Transformation Coach begleitet und unterst\u00fctzt Ralph H\u00f6fliger mit seinen Partnern seit \u00fcber 30 Jahren Organisationen und F\u00fchrungskr\u00e4fte in Transformation, insbesondere in den Bereichen Unternehmenskultur, partizipative Organisations- und Strategieentwicklung, F\u00fchren in Komplexit\u00e4t (VUCA) und Organisationsdesign f\u00fcr die n\u00e4chste Generation Organisation (agile, resiliente, selbstorganisierte, demokratisch gef\u00fchrte Unternehmen). Er leitet&hellip;\" \/>\n<meta property=\"og:url\" content=\"https:\/\/hoefligerpartners.swiss\/who-we-are\/\" \/>\n<meta property=\"og:site_name\" content=\"Hoefliger Partners\" \/>\n<meta property=\"article:modified_time\" content=\"2024-05-16T14:20:58+00:00\" \/>\n<meta name=\"twitter:card\" content=\"summary_large_image\" \/>\n<meta name=\"twitter:label1\" content=\"Gesch\u00e4tzte Lesezeit\" \/>\n\t<meta name=\"twitter:data1\" content=\"2\u00a0Minuten\" \/>\n<script type=\"application\/ld+json\" class=\"yoast-schema-graph\">{\"@context\":\"https:\\\/\\\/schema.org\",\"@graph\":[{\"@type\":\"WebPage\",\"@id\":\"https:\\\/\\\/hoefligerpartners.swiss\\\/who-we-are\\\/\",\"url\":\"https:\\\/\\\/hoefligerpartners.swiss\\\/who-we-are\\\/\",\"name\":\"Wer sind wir? - Hoefliger Partners\",\"isPartOf\":{\"@id\":\"https:\\\/\\\/hoefligerpartners.swiss\\\/#website\"},\"datePublished\":\"2017-03-22T12:09:00+00:00\",\"dateModified\":\"2024-05-16T14:20:58+00:00\",\"breadcrumb\":{\"@id\":\"https:\\\/\\\/hoefligerpartners.swiss\\\/who-we-are\\\/#breadcrumb\"},\"inLanguage\":\"de\",\"potentialAction\":[{\"@type\":\"ReadAction\",\"target\":[\"https:\\\/\\\/hoefligerpartners.swiss\\\/who-we-are\\\/\"]}]},{\"@type\":\"BreadcrumbList\",\"@id\":\"https:\\\/\\\/hoefligerpartners.swiss\\\/who-we-are\\\/#breadcrumb\",\"itemListElement\":[{\"@type\":\"ListItem\",\"position\":1,\"name\":\"Home\",\"item\":\"https:\\\/\\\/hoefligerpartners.swiss\\\/\"},{\"@type\":\"ListItem\",\"position\":2,\"name\":\"Who we are\"}]},{\"@type\":\"WebSite\",\"@id\":\"https:\\\/\\\/hoefligerpartners.swiss\\\/#website\",\"url\":\"https:\\\/\\\/hoefligerpartners.swiss\\\/\",\"name\":\"Hoefliger Partners\",\"description\":\"Business Transformation - Kulturentwicklung - Organisationsentwicklung - Demokratisierung von Organisationen\",\"publisher\":{\"@id\":\"https:\\\/\\\/hoefligerpartners.swiss\\\/#organization\"},\"potentialAction\":[{\"@type\":\"SearchAction\",\"target\":{\"@type\":\"EntryPoint\",\"urlTemplate\":\"https:\\\/\\\/hoefligerpartners.swiss\\\/?s={search_term_string}\"},\"query-input\":{\"@type\":\"PropertyValueSpecification\",\"valueRequired\":true,\"valueName\":\"search_term_string\"}}],\"inLanguage\":\"de\"},{\"@type\":\"Organization\",\"@id\":\"https:\\\/\\\/hoefligerpartners.swiss\\\/#organization\",\"name\":\"Hoefliger Partners\",\"url\":\"https:\\\/\\\/hoefligerpartners.swiss\\\/\",\"logo\":{\"@type\":\"ImageObject\",\"inLanguage\":\"de\",\"@id\":\"https:\\\/\\\/hoefligerpartners.swiss\\\/#\\\/schema\\\/logo\\\/image\\\/\",\"url\":\"https:\\\/\\\/hoefligerpartners.swiss\\\/wp-content\\\/uploads\\\/2017\\\/09\\\/Hoefliger_Partners_logo.png\",\"contentUrl\":\"https:\\\/\\\/hoefligerpartners.swiss\\\/wp-content\\\/uploads\\\/2017\\\/09\\\/Hoefliger_Partners_logo.png\",\"width\":842,\"height\":270,\"caption\":\"Hoefliger Partners\"},\"image\":{\"@id\":\"https:\\\/\\\/hoefligerpartners.swiss\\\/#\\\/schema\\\/logo\\\/image\\\/\"}}]}<\/script>\n<!-- \/ Yoast SEO plugin. -->","yoast_head_json":{"title":"Wer sind wir? - Hoefliger Partners","robots":{"index":"index","follow":"follow","max-snippet":"max-snippet:-1","max-image-preview":"max-image-preview:large","max-video-preview":"max-video-preview:-1"},"canonical":"https:\/\/hoefligerpartners.swiss\/who-we-are\/","og_locale":"de_DE","og_type":"article","og_title":"Wer sind wir? - Hoefliger Partners","og_description":"[vc_row][vc_column width=&#8220;1\/3&#8243;][vc_single_image image=&#8220;1347&#8243; img_size=&#8220;medium&#8220; alignment=&#8220;center&#8220;][\/vc_column][vc_column width=&#8220;2\/3&#8243; css=&#8220;.vc_custom_1505214662034{padding-bottom: 30px !important;}&#8220;][vc_column_text]Als\u00a0Transformation Coach begleitet und unterst\u00fctzt Ralph H\u00f6fliger mit seinen Partnern seit \u00fcber 30 Jahren Organisationen und F\u00fchrungskr\u00e4fte in Transformation, insbesondere in den Bereichen Unternehmenskultur, partizipative Organisations- und Strategieentwicklung, F\u00fchren in Komplexit\u00e4t (VUCA) und Organisationsdesign f\u00fcr die n\u00e4chste Generation Organisation (agile, resiliente, selbstorganisierte, demokratisch gef\u00fchrte Unternehmen). Er leitet&hellip;","og_url":"https:\/\/hoefligerpartners.swiss\/who-we-are\/","og_site_name":"Hoefliger Partners","article_modified_time":"2024-05-16T14:20:58+00:00","twitter_card":"summary_large_image","twitter_misc":{"Gesch\u00e4tzte Lesezeit":"2\u00a0Minuten"},"schema":{"@context":"https:\/\/schema.org","@graph":[{"@type":"WebPage","@id":"https:\/\/hoefligerpartners.swiss\/who-we-are\/","url":"https:\/\/hoefligerpartners.swiss\/who-we-are\/","name":"Wer sind wir? - Hoefliger Partners","isPartOf":{"@id":"https:\/\/hoefligerpartners.swiss\/#website"},"datePublished":"2017-03-22T12:09:00+00:00","dateModified":"2024-05-16T14:20:58+00:00","breadcrumb":{"@id":"https:\/\/hoefligerpartners.swiss\/who-we-are\/#breadcrumb"},"inLanguage":"de","potentialAction":[{"@type":"ReadAction","target":["https:\/\/hoefligerpartners.swiss\/who-we-are\/"]}]},{"@type":"BreadcrumbList","@id":"https:\/\/hoefligerpartners.swiss\/who-we-are\/#breadcrumb","itemListElement":[{"@type":"ListItem","position":1,"name":"Home","item":"https:\/\/hoefligerpartners.swiss\/"},{"@type":"ListItem","position":2,"name":"Who we are"}]},{"@type":"WebSite","@id":"https:\/\/hoefligerpartners.swiss\/#website","url":"https:\/\/hoefligerpartners.swiss\/","name":"Hoefliger Partners","description":"Business Transformation - Kulturentwicklung - Organisationsentwicklung - Demokratisierung von Organisationen","publisher":{"@id":"https:\/\/hoefligerpartners.swiss\/#organization"},"potentialAction":[{"@type":"SearchAction","target":{"@type":"EntryPoint","urlTemplate":"https:\/\/hoefligerpartners.swiss\/?s={search_term_string}"},"query-input":{"@type":"PropertyValueSpecification","valueRequired":true,"valueName":"search_term_string"}}],"inLanguage":"de"},{"@type":"Organization","@id":"https:\/\/hoefligerpartners.swiss\/#organization","name":"Hoefliger Partners","url":"https:\/\/hoefligerpartners.swiss\/","logo":{"@type":"ImageObject","inLanguage":"de","@id":"https:\/\/hoefligerpartners.swiss\/#\/schema\/logo\/image\/","url":"https:\/\/hoefligerpartners.swiss\/wp-content\/uploads\/2017\/09\/Hoefliger_Partners_logo.png","contentUrl":"https:\/\/hoefligerpartners.swiss\/wp-content\/uploads\/2017\/09\/Hoefliger_Partners_logo.png","width":842,"height":270,"caption":"Hoefliger Partners"},"image":{"@id":"https:\/\/hoefligerpartners.swiss\/#\/schema\/logo\/image\/"}}]}},"_links":{"self":[{"href":"https:\/\/hoefligerpartners.swiss\/de\/wp-json\/wp\/v2\/pages\/20","targetHints":{"allow":["GET"]}}],"collection":[{"href":"https:\/\/hoefligerpartners.swiss\/de\/wp-json\/wp\/v2\/pages"}],"about":[{"href":"https:\/\/hoefligerpartners.swiss\/de\/wp-json\/wp\/v2\/types\/page"}],"author":[{"embeddable":true,"href":"https:\/\/hoefligerpartners.swiss\/de\/wp-json\/wp\/v2\/users\/1"}],"replies":[{"embeddable":true,"href":"https:\/\/hoefligerpartners.swiss\/de\/wp-json\/wp\/v2\/comments?post=20"}],"version-history":[{"count":116,"href":"https:\/\/hoefligerpartners.swiss\/de\/wp-json\/wp\/v2\/pages\/20\/revisions"}],"predecessor-version":[{"id":1479,"href":"https:\/\/hoefligerpartners.swiss\/de\/wp-json\/wp\/v2\/pages\/20\/revisions\/1479"}],"wp:attachment":[{"href":"https:\/\/hoefligerpartners.swiss\/de\/wp-json\/wp\/v2\/media?parent=20"}],"curies":[{"name":"wp","href":"https:\/\/api.w.org\/{rel}","templated":true}]}}