{"id":18,"date":"2017-03-22T12:08:11","date_gmt":"2017-03-22T12:08:11","guid":{"rendered":"http:\/\/localhost\/hoef\/?page_id=18"},"modified":"2026-01-19T17:50:10","modified_gmt":"2026-01-19T17:50:10","slug":"publications","status":"publish","type":"page","link":"https:\/\/hoefligerpartners.swiss\/de\/publications\/","title":{"rendered":"Publikationen"},"content":{"rendered":"<p>[vc_row][vc_column width=&#8220;1\/3&#8243;][vc_custom_heading text=&#8220;&#8220; font_container=&#8220;tag:h3|text_align:left&#8220; google_fonts=&#8220;font_family:Raleway%3A100%2C200%2C300%2Cregular%2C500%2C600%2C700%2C800%2C900|font_style:400%20regular%3A400%3Anormal&#8220;][\/vc_column][vc_column width=&#8220;2\/3&#8243;][vc_column_text]<\/p>\n<h1>B\u00fccher<\/h1>\n<p><strong>Demokratisierung von Organisationen \u2013 Erfolgsmodell Schweiz, Ralph H\u00f6fliger, Versus Verlag 2021 &gt; <u><a href=\"http:\/\/www.versus.ch\/titelanzeige\/408\/Demokratisierung%20von%20Organisationen%20%E2%80%93%20Erfolgsmodell%20Schweiz\" target=\"_blank\" rel=\"noopener\">Paperback<\/a><\/u>\u00a0 |\u00a0 <u><a href=\"https:\/\/www.amazon.de\/Demokratisierung-Organisationen-Erfolgsmodell-direkt-demokratische-Wirtschaftsorganisationen-ebook\/dp\/B09D3VHM89\/\" target=\"_blank\" rel=\"noopener\">Kindle<\/a><\/u>\u00a0 |\u00a0 <u><a href=\"https:\/\/www.lehmanns.ch\/shop\/wirtschaft\/57236093-9783039097944-demokratisierung-von-organisationen-erfolgsmodell-schweiz\" target=\"_blank\" rel=\"noopener\">ePub<\/a><\/u><\/strong><\/p>\n<p><strong>What Organizations Can Learn from Switzerland &gt; <a href=\"https:\/\/www.amazon.com\/What-Organizations-Can-Learn-Switzerland\/dp\/3033094376\" target=\"_blank\" rel=\"noopener\">Paperback<\/a>\u00a0 |\u00a0 <a href=\"https:\/\/www.amazon.com\/What-Organizations-Can-Learn-Switzerland-ebook\/dp\/B0BBWT5Z19\" target=\"_blank\" rel=\"noopener\">Kindle<\/a><\/strong><\/p>\n<p>&nbsp;<\/p>\n<h1>Artikel<\/h1>\n<p>&nbsp;<\/p>\n<h4>Change Management<\/h4>\n<p>&gt;Changetheorien f\u00fcr\u00a0die Praxis &#8211;\u00a0Zum praktischen Wert von Theorien, Ralph H\u00f6fliger in: OrganisationsEntwicklung 2-2018 | <a href=\"http:\/\/hoefligerpartners.swiss\/wp-content\/uploads\/2017\/03\/2018_02-ZOE_Artikel-H\u00f6fliger-Organisationstheorien_f\u00fcr_die_Praxisr-Leseprobe.pdf\">Leseprobe<\/a><\/p>\n<p>&gt;Grenzen \u00fcberwinden &#8211; Ein Pl\u00e4doyer f\u00fcr grossfl\u00e4chigen Einbezug betroffener Menschen, Ralph H\u00f6fliger in: Der Arbeitgeber, 06-2003<\/p>\n<p>&gt;Change Management und HRM, Ralph H\u00f6fliger in: HR-Today, 04-2002<\/p>\n<p>&gt;Strategien entwickeln und nachhaltig umsetzen im Kontext komplexer Ver\u00e4nderungen, Ralph H\u00f6fliger, Thomas Bergmann in: Bilanz, 09-2002<\/p>\n<h4>Unternehmenskultur, Corporate Culture<\/h4>\n<p>&gt;Integration von neuen Mitarbeitenden bei Roche Diagnostics AG, Ralph H\u00f6fliger in: HR TODAY, 10\/2009<\/p>\n<p>&gt;Unternehmenskultur &#8211; ein bedeutender Erfolgsfaktor, Ralph H\u00f6fliger in: Blickpunkt KMU, 2\/2009<\/p>\n<p>&gt;Der Verwaltungsrat als Kulturentwickler, Ralph H\u00f6fliger in: Scorecard, 05-2008<\/p>\n<p>&gt;Kollektives Humankapital &#8211; Firmenkulturentwicklung als komplexer Selbstorganisationsprozess, Ralph H\u00f6fliger in: Unternehmenskultur &amp; Unternehmenserfolg, Band 2, Hrsg. Wirtschaftsuniversit\u00e4t Prag, 2008<\/p>\n<p>&gt;Wandel der Unternehmenskultur und -identit\u00e4t durch grossfl\u00e4chigen Ver\u00e4nderungsprozess, Ralph H\u00f6fliger in: Open Space in der Praxis, Hrsg. Carol Maleh, Beltz, 2002<\/p>\n<p>&gt;Kulturpark, Ralph H\u00f6fliger in: Organisationsentwicklung, 11-1999<\/p>\n<h4>Complexity Management<\/h4>\n<p>&gt;Am Rande des Chaos &#8211; F\u00fchrungsrolle und Komplexit\u00e4t, Ralph H\u00f6fliger in: ALPHA Der Kadermarkt der Schweiz, 08-2003<\/p>\n<p>&gt;Komplexit\u00e4t: Die neue Herausforderung im Management, Ralph H\u00f6fliger in: Der Arbeitgeber, 03-1999<\/p>\n<h4>Grossgruppen-Interventionen<\/h4>\n<p>&gt;Grossgruppen gewinnen, Ralph H\u00f6fliger in: Edition, 1999<\/p>\n<p>&gt;Open Space Event, Ralph H\u00f6fliger in: Agogik, Grossgruppenveranstaltungen, 04-1997<\/p>\n<h4>Marketing &amp; Branding<\/h4>\n<p>&gt;Holistic Branding &#8211; Teil 4 &#8211; Das Markenprofil, Pascal Staub u. Ralph H\u00f6fliger, KMU, 04-2013<\/p>\n<p>&gt;Holistic Branding &#8211; Teil 6 &#8211;\u00a0 Die Markenverankerung durch Markenkultur, Ralph H\u00f6fliger u. Pascal Staub, KMU, 07\/08-2013[\/vc_column_text][\/vc_column][\/vc_row]<\/p>","protected":false},"excerpt":{"rendered":"<p>[vc_row][vc_column width=&#8220;1\/3&#8243;][vc_custom_heading text=&#8220;&#8220; font_container=&#8220;tag:h3|text_align:left&#8220; google_fonts=&#8220;font_family:Raleway%3A100%2C200%2C300%2Cregular%2C500%2C600%2C700%2C800%2C900|font_style:400%20regular%3A400%3Anormal&#8220;][\/vc_column][vc_column width=&#8220;2\/3&#8243;][vc_column_text] B\u00fccher Demokratisierung von Organisationen \u2013 Erfolgsmodell Schweiz, Ralph H\u00f6fliger, Versus Verlag 2021 &gt; Paperback\u00a0 |\u00a0 Kindle\u00a0 |\u00a0 ePub What Organizations Can Learn from Switzerland &gt; Paperback\u00a0 |\u00a0 Kindle &nbsp; Artikel &nbsp; Change Management &gt;Changetheorien f\u00fcr\u00a0die Praxis &#8211;\u00a0Zum praktischen Wert von Theorien, Ralph H\u00f6fliger in: OrganisationsEntwicklung 2-2018 | Leseprobe &gt;Grenzen&hellip;<\/p>\n","protected":false},"author":1,"featured_media":0,"parent":0,"menu_order":0,"comment_status":"closed","ping_status":"closed","template":"","meta":{"footnotes":""},"class_list":["post-18","page","type-page","status-publish","hentry","description-off"],"yoast_head":"<!-- This site is optimized with the Yoast SEO plugin v27.5 - https:\/\/yoast.com\/product\/yoast-seo-wordpress\/ -->\n<title>Publikationen - Hoefliger Partners<\/title>\n<meta name=\"robots\" content=\"index, follow, max-snippet:-1, max-image-preview:large, max-video-preview:-1\" \/>\n<link rel=\"canonical\" href=\"https:\/\/hoefligerpartners.swiss\/publications\/\" \/>\n<meta property=\"og:locale\" content=\"de_DE\" \/>\n<meta property=\"og:type\" content=\"article\" \/>\n<meta property=\"og:title\" content=\"Publikationen - Hoefliger Partners\" \/>\n<meta property=\"og:description\" content=\"[vc_row][vc_column width=&#8220;1\/3&#8243;][vc_custom_heading text=&#8220;&#8220; font_container=&#8220;tag:h3|text_align:left&#8220; google_fonts=&#8220;font_family:Raleway%3A100%2C200%2C300%2Cregular%2C500%2C600%2C700%2C800%2C900|font_style:400%20regular%3A400%3Anormal&#8220;][\/vc_column][vc_column width=&#8220;2\/3&#8243;][vc_column_text] B\u00fccher Demokratisierung von Organisationen \u2013 Erfolgsmodell Schweiz, Ralph H\u00f6fliger, Versus Verlag 2021 &gt; Paperback\u00a0 |\u00a0 Kindle\u00a0 |\u00a0 ePub What Organizations Can Learn from Switzerland &gt; Paperback\u00a0 |\u00a0 Kindle &nbsp; Artikel &nbsp; Change Management &gt;Changetheorien f\u00fcr\u00a0die Praxis &#8211;\u00a0Zum praktischen Wert von Theorien, Ralph H\u00f6fliger in: OrganisationsEntwicklung 2-2018 | Leseprobe &gt;Grenzen&hellip;\" \/>\n<meta property=\"og:url\" content=\"https:\/\/hoefligerpartners.swiss\/publications\/\" \/>\n<meta property=\"og:site_name\" content=\"Hoefliger Partners\" \/>\n<meta property=\"article:modified_time\" content=\"2026-01-19T17:50:10+00:00\" \/>\n<meta name=\"twitter:card\" content=\"summary_large_image\" \/>\n<meta name=\"twitter:label1\" content=\"Gesch\u00e4tzte Lesezeit\" \/>\n\t<meta name=\"twitter:data1\" content=\"2\u00a0Minuten\" \/>\n<script type=\"application\/ld+json\" class=\"yoast-schema-graph\">{\"@context\":\"https:\\\/\\\/schema.org\",\"@graph\":[{\"@type\":\"WebPage\",\"@id\":\"https:\\\/\\\/hoefligerpartners.swiss\\\/publications\\\/\",\"url\":\"https:\\\/\\\/hoefligerpartners.swiss\\\/publications\\\/\",\"name\":\"Publikationen - Hoefliger Partners\",\"isPartOf\":{\"@id\":\"https:\\\/\\\/hoefligerpartners.swiss\\\/#website\"},\"datePublished\":\"2017-03-22T12:08:11+00:00\",\"dateModified\":\"2026-01-19T17:50:10+00:00\",\"breadcrumb\":{\"@id\":\"https:\\\/\\\/hoefligerpartners.swiss\\\/publications\\\/#breadcrumb\"},\"inLanguage\":\"de\",\"potentialAction\":[{\"@type\":\"ReadAction\",\"target\":[\"https:\\\/\\\/hoefligerpartners.swiss\\\/publications\\\/\"]}]},{\"@type\":\"BreadcrumbList\",\"@id\":\"https:\\\/\\\/hoefligerpartners.swiss\\\/publications\\\/#breadcrumb\",\"itemListElement\":[{\"@type\":\"ListItem\",\"position\":1,\"name\":\"Home\",\"item\":\"https:\\\/\\\/hoefligerpartners.swiss\\\/\"},{\"@type\":\"ListItem\",\"position\":2,\"name\":\"Publikationen\"}]},{\"@type\":\"WebSite\",\"@id\":\"https:\\\/\\\/hoefligerpartners.swiss\\\/#website\",\"url\":\"https:\\\/\\\/hoefligerpartners.swiss\\\/\",\"name\":\"Hoefliger Partners\",\"description\":\"Business Transformation - Kulturentwicklung - Organisationsentwicklung - Demokratisierung von Organisationen\",\"publisher\":{\"@id\":\"https:\\\/\\\/hoefligerpartners.swiss\\\/#organization\"},\"potentialAction\":[{\"@type\":\"SearchAction\",\"target\":{\"@type\":\"EntryPoint\",\"urlTemplate\":\"https:\\\/\\\/hoefligerpartners.swiss\\\/?s={search_term_string}\"},\"query-input\":{\"@type\":\"PropertyValueSpecification\",\"valueRequired\":true,\"valueName\":\"search_term_string\"}}],\"inLanguage\":\"de\"},{\"@type\":\"Organization\",\"@id\":\"https:\\\/\\\/hoefligerpartners.swiss\\\/#organization\",\"name\":\"Hoefliger Partners\",\"url\":\"https:\\\/\\\/hoefligerpartners.swiss\\\/\",\"logo\":{\"@type\":\"ImageObject\",\"inLanguage\":\"de\",\"@id\":\"https:\\\/\\\/hoefligerpartners.swiss\\\/#\\\/schema\\\/logo\\\/image\\\/\",\"url\":\"https:\\\/\\\/hoefligerpartners.swiss\\\/wp-content\\\/uploads\\\/2017\\\/09\\\/Hoefliger_Partners_logo.png\",\"contentUrl\":\"https:\\\/\\\/hoefligerpartners.swiss\\\/wp-content\\\/uploads\\\/2017\\\/09\\\/Hoefliger_Partners_logo.png\",\"width\":842,\"height\":270,\"caption\":\"Hoefliger Partners\"},\"image\":{\"@id\":\"https:\\\/\\\/hoefligerpartners.swiss\\\/#\\\/schema\\\/logo\\\/image\\\/\"}}]}<\/script>\n<!-- \/ Yoast SEO plugin. -->","yoast_head_json":{"title":"Publikationen - Hoefliger Partners","robots":{"index":"index","follow":"follow","max-snippet":"max-snippet:-1","max-image-preview":"max-image-preview:large","max-video-preview":"max-video-preview:-1"},"canonical":"https:\/\/hoefligerpartners.swiss\/publications\/","og_locale":"de_DE","og_type":"article","og_title":"Publikationen - Hoefliger Partners","og_description":"[vc_row][vc_column width=&#8220;1\/3&#8243;][vc_custom_heading text=&#8220;&#8220; font_container=&#8220;tag:h3|text_align:left&#8220; google_fonts=&#8220;font_family:Raleway%3A100%2C200%2C300%2Cregular%2C500%2C600%2C700%2C800%2C900|font_style:400%20regular%3A400%3Anormal&#8220;][\/vc_column][vc_column width=&#8220;2\/3&#8243;][vc_column_text] B\u00fccher Demokratisierung von Organisationen \u2013 Erfolgsmodell Schweiz, Ralph H\u00f6fliger, Versus Verlag 2021 &gt; Paperback\u00a0 |\u00a0 Kindle\u00a0 |\u00a0 ePub What Organizations Can Learn from Switzerland &gt; Paperback\u00a0 |\u00a0 Kindle &nbsp; Artikel &nbsp; Change Management &gt;Changetheorien f\u00fcr\u00a0die Praxis &#8211;\u00a0Zum praktischen Wert von Theorien, Ralph H\u00f6fliger in: OrganisationsEntwicklung 2-2018 | Leseprobe &gt;Grenzen&hellip;","og_url":"https:\/\/hoefligerpartners.swiss\/publications\/","og_site_name":"Hoefliger Partners","article_modified_time":"2026-01-19T17:50:10+00:00","twitter_card":"summary_large_image","twitter_misc":{"Gesch\u00e4tzte Lesezeit":"2\u00a0Minuten"},"schema":{"@context":"https:\/\/schema.org","@graph":[{"@type":"WebPage","@id":"https:\/\/hoefligerpartners.swiss\/publications\/","url":"https:\/\/hoefligerpartners.swiss\/publications\/","name":"Publikationen - Hoefliger Partners","isPartOf":{"@id":"https:\/\/hoefligerpartners.swiss\/#website"},"datePublished":"2017-03-22T12:08:11+00:00","dateModified":"2026-01-19T17:50:10+00:00","breadcrumb":{"@id":"https:\/\/hoefligerpartners.swiss\/publications\/#breadcrumb"},"inLanguage":"de","potentialAction":[{"@type":"ReadAction","target":["https:\/\/hoefligerpartners.swiss\/publications\/"]}]},{"@type":"BreadcrumbList","@id":"https:\/\/hoefligerpartners.swiss\/publications\/#breadcrumb","itemListElement":[{"@type":"ListItem","position":1,"name":"Home","item":"https:\/\/hoefligerpartners.swiss\/"},{"@type":"ListItem","position":2,"name":"Publikationen"}]},{"@type":"WebSite","@id":"https:\/\/hoefligerpartners.swiss\/#website","url":"https:\/\/hoefligerpartners.swiss\/","name":"Hoefliger Partners","description":"Business Transformation - Kulturentwicklung - Organisationsentwicklung - Demokratisierung von Organisationen","publisher":{"@id":"https:\/\/hoefligerpartners.swiss\/#organization"},"potentialAction":[{"@type":"SearchAction","target":{"@type":"EntryPoint","urlTemplate":"https:\/\/hoefligerpartners.swiss\/?s={search_term_string}"},"query-input":{"@type":"PropertyValueSpecification","valueRequired":true,"valueName":"search_term_string"}}],"inLanguage":"de"},{"@type":"Organization","@id":"https:\/\/hoefligerpartners.swiss\/#organization","name":"Hoefliger Partners","url":"https:\/\/hoefligerpartners.swiss\/","logo":{"@type":"ImageObject","inLanguage":"de","@id":"https:\/\/hoefligerpartners.swiss\/#\/schema\/logo\/image\/","url":"https:\/\/hoefligerpartners.swiss\/wp-content\/uploads\/2017\/09\/Hoefliger_Partners_logo.png","contentUrl":"https:\/\/hoefligerpartners.swiss\/wp-content\/uploads\/2017\/09\/Hoefliger_Partners_logo.png","width":842,"height":270,"caption":"Hoefliger Partners"},"image":{"@id":"https:\/\/hoefligerpartners.swiss\/#\/schema\/logo\/image\/"}}]}},"_links":{"self":[{"href":"https:\/\/hoefligerpartners.swiss\/de\/wp-json\/wp\/v2\/pages\/18","targetHints":{"allow":["GET"]}}],"collection":[{"href":"https:\/\/hoefligerpartners.swiss\/de\/wp-json\/wp\/v2\/pages"}],"about":[{"href":"https:\/\/hoefligerpartners.swiss\/de\/wp-json\/wp\/v2\/types\/page"}],"author":[{"embeddable":true,"href":"https:\/\/hoefligerpartners.swiss\/de\/wp-json\/wp\/v2\/users\/1"}],"replies":[{"embeddable":true,"href":"https:\/\/hoefligerpartners.swiss\/de\/wp-json\/wp\/v2\/comments?post=18"}],"version-history":[{"count":27,"href":"https:\/\/hoefligerpartners.swiss\/de\/wp-json\/wp\/v2\/pages\/18\/revisions"}],"predecessor-version":[{"id":1605,"href":"https:\/\/hoefligerpartners.swiss\/de\/wp-json\/wp\/v2\/pages\/18\/revisions\/1605"}],"wp:attachment":[{"href":"https:\/\/hoefligerpartners.swiss\/de\/wp-json\/wp\/v2\/media?parent=18"}],"curies":[{"name":"wp","href":"https:\/\/api.w.org\/{rel}","templated":true}]}}