{"id":16,"date":"2017-03-22T12:08:03","date_gmt":"2017-03-22T12:08:03","guid":{"rendered":"http:\/\/localhost\/hoef\/?page_id=16"},"modified":"2025-12-01T15:29:28","modified_gmt":"2025-12-01T15:29:28","slug":"democratic_self-organised","status":"publish","type":"page","link":"https:\/\/hoefligerpartners.swiss\/de\/democratic_self-organised\/","title":{"rendered":"Demokratisierung von Organisationen \u2013 Organisationsentwicklung 2.0 \u2013 Die n\u00e4chste Generation Organisation\u00a0&#8211; attraktiv, anpassungsf\u00e4hig, resilient, innovativ, produktiv"},"content":{"rendered":"<p>[vc_row][vc_column width=&#8220;1\/2&#8243;][vc_single_image image=&#8220;285&#8243; img_size=&#8220;577&#215;313&#8243;][\/vc_column][vc_column width=&#8220;1\/2&#8243;][vc_column_text]<b>Anpassungsf\u00e4higkeit und Reaktionsschnelligkeit <\/b>sind die Schl\u00fcsselerfolgsfaktoren, in einer Welt erfolgreich zu operieren, die immer mehr gepr\u00e4gt wird durch k\u00fcnstliche Intelligenz und noch st\u00e4rker &#8222;VUCA&#8220; wird: voller Volatilit\u00e4t, Unsicherheit, Komplexit\u00e4t und Ambiguit\u00e4t.<\/p>\n<p>Schl\u00fcsselerfolgsfaktoren einer agilen Organisation sind <b>Selbstverantwortung, Selbstorganisation<\/b>,<b>Transparenz<\/b>, <b>Vertrauen, Verbundenheit<\/b> und <b>Bewusstheit<\/b>.<\/p>\n<p><strong>Organisationsentwicklung 2.0 f\u00f6rdert genau diese Qualit\u00e4ten. <\/strong>Mittels einer<strong> Initiativen-Kultur <\/strong>werden alle Mitarbeitenden zu potenziellen Change Agents, zu Mitdenkern und Mitgestaltern des Systems, in dem sie leben und arbeiten. Sie \u00fcbernehmen Verantwortung f\u00fcr die Organisation. Genau dies macht sie <strong>agil, resilient und innovativ.<\/strong><\/p>\n<p>Wir begleiten und unterst\u00fctzen unsere Kunden auf dem Weg zur <strong>n\u00e4chsten Generation Organisation.<\/strong><\/p>\n<p>Unser Ansatz f\u00f6rdert dies auf holistische, menschenzentrierte und nachhaltige Weise.[\/vc_column_text][\/vc_column][\/vc_row][vc_row][vc_column][vc_single_image image=&#8220;1323&#8243; img_size=&#8220;large&#8220; style=&#8220;vc_box_border&#8220; onclick=&#8220;custom_link&#8220; img_link_target=&#8220;_blank&#8220; title=&#8220;B\u00fccher zum Thema&#8220; link=&#8220;https:\/\/www.exlibris.ch\/de\/buecher-buch\/deutschsprachige-buecher\/ralph-hoefliger\/demokratisierung-von-organisationen-erfolgsmodell-schweiz\/id\/9783039093144\/&#8220;][vc_single_image image=&#8220;1523&#8243; img_size=&#8220;large&#8220; style=&#8220;vc_box_border&#8220; onclick=&#8220;custom_link&#8220; img_link_target=&#8220;_blank&#8220; link=&#8220;https:\/\/www.amazon.de\/What-Organizations-Can-Learn-Switzerland\/dp\/3033094376&#8243;][\/vc_column][\/vc_row]<\/p>\n","protected":false},"excerpt":{"rendered":"<p>[vc_row][vc_column width=&#8220;1\/2&#8243;][vc_single_image image=&#8220;285&#8243; img_size=&#8220;577&#215;313&#8243;][\/vc_column][vc_column width=&#8220;1\/2&#8243;][vc_column_text]Anpassungsf\u00e4higkeit und Reaktionsschnelligkeit sind die Schl\u00fcsselerfolgsfaktoren, in einer Welt erfolgreich zu operieren, die immer mehr gepr\u00e4gt wird durch k\u00fcnstliche Intelligenz und noch st\u00e4rker &#8222;VUCA&#8220; wird: voller Volatilit\u00e4t, Unsicherheit, Komplexit\u00e4t und Ambiguit\u00e4t. Schl\u00fcsselerfolgsfaktoren einer agilen Organisation sind Selbstverantwortung, Selbstorganisation,Transparenz, Vertrauen, Verbundenheit und Bewusstheit. Organisationsentwicklung 2.0 f\u00f6rdert genau diese Qualit\u00e4ten. Mittels einer Initiativen-Kultur&hellip;<\/p>\n","protected":false},"author":1,"featured_media":0,"parent":0,"menu_order":0,"comment_status":"closed","ping_status":"closed","template":"","meta":{"footnotes":""},"class_list":["post-16","page","type-page","status-publish","hentry","description-off"],"yoast_head":"<!-- This site is optimized with the Yoast SEO plugin v27.5 - https:\/\/yoast.com\/product\/yoast-seo-wordpress\/ -->\n<title>Coaching Services at its best<\/title>\n<meta name=\"description\" content=\"Coaching services for corporate culture and growth managenment\" \/>\n<meta name=\"robots\" content=\"index, follow, max-snippet:-1, max-image-preview:large, max-video-preview:-1\" \/>\n<link rel=\"canonical\" href=\"https:\/\/hoefligerpartners.swiss\/democratic_self-organised\/\" \/>\n<meta property=\"og:locale\" content=\"de_DE\" \/>\n<meta property=\"og:type\" content=\"article\" \/>\n<meta property=\"og:title\" content=\"Coaching Services at its best\" \/>\n<meta property=\"og:description\" content=\"Coaching services for corporate culture and growth managenment\" \/>\n<meta property=\"og:url\" content=\"https:\/\/hoefligerpartners.swiss\/democratic_self-organised\/\" \/>\n<meta property=\"og:site_name\" content=\"Hoefliger Partners\" \/>\n<meta property=\"article:modified_time\" content=\"2025-12-01T15:29:28+00:00\" \/>\n<meta name=\"twitter:card\" content=\"summary_large_image\" \/>\n<meta name=\"twitter:label1\" content=\"Gesch\u00e4tzte Lesezeit\" \/>\n\t<meta name=\"twitter:data1\" content=\"1\u00a0Minute\" \/>\n<script type=\"application\/ld+json\" class=\"yoast-schema-graph\">{\"@context\":\"https:\\\/\\\/schema.org\",\"@graph\":[{\"@type\":\"WebPage\",\"@id\":\"https:\\\/\\\/hoefligerpartners.swiss\\\/democratic_self-organised\\\/\",\"url\":\"https:\\\/\\\/hoefligerpartners.swiss\\\/democratic_self-organised\\\/\",\"name\":\"Coaching Services at its best\",\"isPartOf\":{\"@id\":\"https:\\\/\\\/hoefligerpartners.swiss\\\/#website\"},\"datePublished\":\"2017-03-22T12:08:03+00:00\",\"dateModified\":\"2025-12-01T15:29:28+00:00\",\"description\":\"Coaching services for corporate culture and growth managenment\",\"breadcrumb\":{\"@id\":\"https:\\\/\\\/hoefligerpartners.swiss\\\/democratic_self-organised\\\/#breadcrumb\"},\"inLanguage\":\"de\",\"potentialAction\":[{\"@type\":\"ReadAction\",\"target\":[\"https:\\\/\\\/hoefligerpartners.swiss\\\/democratic_self-organised\\\/\"]}]},{\"@type\":\"BreadcrumbList\",\"@id\":\"https:\\\/\\\/hoefligerpartners.swiss\\\/democratic_self-organised\\\/#breadcrumb\",\"itemListElement\":[{\"@type\":\"ListItem\",\"position\":1,\"name\":\"Home\",\"item\":\"https:\\\/\\\/hoefligerpartners.swiss\\\/\"},{\"@type\":\"ListItem\",\"position\":2,\"name\":\"[:en]Organisationsentwicklung 2.0 \u2013 Die n\u00e4chste Generation Organisation\u00a0&#8211; attraktiv, anpassungsf\u00e4hig, resilient, innovativ, produktiv[:de]Demokratisierung von Organisationen \u2013 Organisationsentwicklung 2.0 \u2013 Die n\u00e4chste Generation Organisation\u00a0&#8211; attraktiv, anpassungsf\u00e4hig, resilient, innovativ, produktiv[:]\"}]},{\"@type\":\"WebSite\",\"@id\":\"https:\\\/\\\/hoefligerpartners.swiss\\\/#website\",\"url\":\"https:\\\/\\\/hoefligerpartners.swiss\\\/\",\"name\":\"Hoefliger Partners\",\"description\":\"Business Transformation - Kulturentwicklung - Organisationsentwicklung - Demokratisierung von Organisationen\",\"publisher\":{\"@id\":\"https:\\\/\\\/hoefligerpartners.swiss\\\/#organization\"},\"potentialAction\":[{\"@type\":\"SearchAction\",\"target\":{\"@type\":\"EntryPoint\",\"urlTemplate\":\"https:\\\/\\\/hoefligerpartners.swiss\\\/?s={search_term_string}\"},\"query-input\":{\"@type\":\"PropertyValueSpecification\",\"valueRequired\":true,\"valueName\":\"search_term_string\"}}],\"inLanguage\":\"de\"},{\"@type\":\"Organization\",\"@id\":\"https:\\\/\\\/hoefligerpartners.swiss\\\/#organization\",\"name\":\"Hoefliger Partners\",\"url\":\"https:\\\/\\\/hoefligerpartners.swiss\\\/\",\"logo\":{\"@type\":\"ImageObject\",\"inLanguage\":\"de\",\"@id\":\"https:\\\/\\\/hoefligerpartners.swiss\\\/#\\\/schema\\\/logo\\\/image\\\/\",\"url\":\"https:\\\/\\\/hoefligerpartners.swiss\\\/wp-content\\\/uploads\\\/2017\\\/09\\\/Hoefliger_Partners_logo.png\",\"contentUrl\":\"https:\\\/\\\/hoefligerpartners.swiss\\\/wp-content\\\/uploads\\\/2017\\\/09\\\/Hoefliger_Partners_logo.png\",\"width\":842,\"height\":270,\"caption\":\"Hoefliger Partners\"},\"image\":{\"@id\":\"https:\\\/\\\/hoefligerpartners.swiss\\\/#\\\/schema\\\/logo\\\/image\\\/\"}}]}<\/script>\n<!-- \/ Yoast SEO plugin. -->","yoast_head_json":{"title":"Coaching Services at its best","description":"Coaching services for corporate culture and growth managenment","robots":{"index":"index","follow":"follow","max-snippet":"max-snippet:-1","max-image-preview":"max-image-preview:large","max-video-preview":"max-video-preview:-1"},"canonical":"https:\/\/hoefligerpartners.swiss\/democratic_self-organised\/","og_locale":"de_DE","og_type":"article","og_title":"Coaching Services at its best","og_description":"Coaching services for corporate culture and growth managenment","og_url":"https:\/\/hoefligerpartners.swiss\/democratic_self-organised\/","og_site_name":"Hoefliger Partners","article_modified_time":"2025-12-01T15:29:28+00:00","twitter_card":"summary_large_image","twitter_misc":{"Gesch\u00e4tzte Lesezeit":"1\u00a0Minute"},"schema":{"@context":"https:\/\/schema.org","@graph":[{"@type":"WebPage","@id":"https:\/\/hoefligerpartners.swiss\/democratic_self-organised\/","url":"https:\/\/hoefligerpartners.swiss\/democratic_self-organised\/","name":"Coaching Services at its best","isPartOf":{"@id":"https:\/\/hoefligerpartners.swiss\/#website"},"datePublished":"2017-03-22T12:08:03+00:00","dateModified":"2025-12-01T15:29:28+00:00","description":"Coaching services for corporate culture and growth managenment","breadcrumb":{"@id":"https:\/\/hoefligerpartners.swiss\/democratic_self-organised\/#breadcrumb"},"inLanguage":"de","potentialAction":[{"@type":"ReadAction","target":["https:\/\/hoefligerpartners.swiss\/democratic_self-organised\/"]}]},{"@type":"BreadcrumbList","@id":"https:\/\/hoefligerpartners.swiss\/democratic_self-organised\/#breadcrumb","itemListElement":[{"@type":"ListItem","position":1,"name":"Home","item":"https:\/\/hoefligerpartners.swiss\/"},{"@type":"ListItem","position":2,"name":"[:en]Organisationsentwicklung 2.0 \u2013 Die n\u00e4chste Generation Organisation\u00a0&#8211; attraktiv, anpassungsf\u00e4hig, resilient, innovativ, produktiv[:de]Demokratisierung von Organisationen \u2013 Organisationsentwicklung 2.0 \u2013 Die n\u00e4chste Generation Organisation\u00a0&#8211; attraktiv, anpassungsf\u00e4hig, resilient, innovativ, produktiv[:]"}]},{"@type":"WebSite","@id":"https:\/\/hoefligerpartners.swiss\/#website","url":"https:\/\/hoefligerpartners.swiss\/","name":"Hoefliger Partners","description":"Business Transformation - Kulturentwicklung - Organisationsentwicklung - Demokratisierung von Organisationen","publisher":{"@id":"https:\/\/hoefligerpartners.swiss\/#organization"},"potentialAction":[{"@type":"SearchAction","target":{"@type":"EntryPoint","urlTemplate":"https:\/\/hoefligerpartners.swiss\/?s={search_term_string}"},"query-input":{"@type":"PropertyValueSpecification","valueRequired":true,"valueName":"search_term_string"}}],"inLanguage":"de"},{"@type":"Organization","@id":"https:\/\/hoefligerpartners.swiss\/#organization","name":"Hoefliger Partners","url":"https:\/\/hoefligerpartners.swiss\/","logo":{"@type":"ImageObject","inLanguage":"de","@id":"https:\/\/hoefligerpartners.swiss\/#\/schema\/logo\/image\/","url":"https:\/\/hoefligerpartners.swiss\/wp-content\/uploads\/2017\/09\/Hoefliger_Partners_logo.png","contentUrl":"https:\/\/hoefligerpartners.swiss\/wp-content\/uploads\/2017\/09\/Hoefliger_Partners_logo.png","width":842,"height":270,"caption":"Hoefliger Partners"},"image":{"@id":"https:\/\/hoefligerpartners.swiss\/#\/schema\/logo\/image\/"}}]}},"_links":{"self":[{"href":"https:\/\/hoefligerpartners.swiss\/de\/wp-json\/wp\/v2\/pages\/16","targetHints":{"allow":["GET"]}}],"collection":[{"href":"https:\/\/hoefligerpartners.swiss\/de\/wp-json\/wp\/v2\/pages"}],"about":[{"href":"https:\/\/hoefligerpartners.swiss\/de\/wp-json\/wp\/v2\/types\/page"}],"author":[{"embeddable":true,"href":"https:\/\/hoefligerpartners.swiss\/de\/wp-json\/wp\/v2\/users\/1"}],"replies":[{"embeddable":true,"href":"https:\/\/hoefligerpartners.swiss\/de\/wp-json\/wp\/v2\/comments?post=16"}],"version-history":[{"count":56,"href":"https:\/\/hoefligerpartners.swiss\/de\/wp-json\/wp\/v2\/pages\/16\/revisions"}],"predecessor-version":[{"id":1595,"href":"https:\/\/hoefligerpartners.swiss\/de\/wp-json\/wp\/v2\/pages\/16\/revisions\/1595"}],"wp:attachment":[{"href":"https:\/\/hoefligerpartners.swiss\/de\/wp-json\/wp\/v2\/media?parent=16"}],"curies":[{"name":"wp","href":"https:\/\/api.w.org\/{rel}","templated":true}]}}