{"id":12,"date":"2017-03-22T12:01:04","date_gmt":"2017-03-22T12:01:04","guid":{"rendered":"http:\/\/localhost\/hoef\/?page_id=12"},"modified":"2025-11-24T15:15:09","modified_gmt":"2025-11-24T15:15:09","slug":"why-are-we-here","status":"publish","type":"page","link":"https:\/\/hoefligerpartners.swiss\/de\/why-are-we-here\/","title":{"rendered":"Wozu sind wir da?"},"content":{"rendered":"<p>[vc_row][vc_column width=&#8220;1\/2&#8243;][vc_single_image image=&#8220;187&#8243; img_size=&#8220;577&#215;313&#8243; alignment=&#8220;center&#8220;][\/vc_column][vc_column width=&#8220;1\/2&#8243;][vc_column_text]<strong>Unsere Mission ist, Menschen und Organisationen zu helfen, sich ihrer selbst bewusster zu werden<br \/>\n\u2013 wer sie sind. Und wer sie sein werden.<\/strong><\/p>\n<p><em>Auch die erfolgreichsten Unternehmen k\u00e4mpfen heute mit den Herausforderungen zunehmender Volatilit\u00e4t, Unsicherheit, Komplexit\u00e4t und Ambiguit\u00e4t (VUCA) unserer Welt.<\/em><\/p>\n<p>Organisationen, ihre F\u00fchrungskr\u00e4fte und Teams, m\u00fcssen agiler und reaktionsschneller werden, um diese Herausforderungen zu meistern, was wiederum einen h\u00f6heren Grad an Selbstverantwortung und Selbstorganisation bedingt.<\/p>\n<p><b>Unser Zweck und unsere Passion ist, die notwendigen Transformationsprozesse zu gestalten und zu implementieren, welche die Organisation zu ihrer Essenz f\u00fchren, die sie grossartig macht.<\/b><\/p>\n<p>Wir gestalten und moderieren die notwendigen Workshops und Meetings, in welchen die Menschen sich verbinden, engagieren und die erforderlichen Transformationsschritte planen, um den Zweck, die Vision und Strategie der Organisation zu manifestieren und das Potenzial zu verwirklichen.<\/p>\n<p>Unternehmenskultur- und Organisationsentwicklung ist dabei unser Hauptfokus: Welche Governance, welche F\u00fchrungsstrukturen, -regeln, -prozesse und -instrumente braucht die Organisation, um den aktuellen und zuk\u00fcnftigen Anforderungen gerecht zu werden?<\/p>\n<p><strong><span style=\"color: #993366;\">Letztlich bedeutet Business Transformation f\u00fcr uns, R\u00e4ume f\u00fcr <em>Bewusstsein, Engagement und Verantwortungs\u00fcbernahme<\/em> zu schaffen, damit Organisationen agiler, innovativer, produktiver, attraktiver und wettbewerbsf\u00e4higer werden.<\/span><\/strong>[\/vc_column_text][\/vc_column][\/vc_row]<\/p>","protected":false},"excerpt":{"rendered":"<p>[vc_row][vc_column width=&#8220;1\/2&#8243;][vc_single_image image=&#8220;187&#8243; img_size=&#8220;577&#215;313&#8243; alignment=&#8220;center&#8220;][\/vc_column][vc_column width=&#8220;1\/2&#8243;][vc_column_text]Unsere Mission ist, Menschen und Organisationen zu helfen, sich ihrer selbst bewusster zu werden \u2013 wer sie sind. Und wer sie sein werden. Auch die erfolgreichsten Unternehmen k\u00e4mpfen heute mit den Herausforderungen zunehmender Volatilit\u00e4t, Unsicherheit, Komplexit\u00e4t und Ambiguit\u00e4t (VUCA) unserer Welt. Organisationen, ihre F\u00fchrungskr\u00e4fte und Teams, m\u00fcssen agiler und reaktionsschneller&hellip;<\/p>\n","protected":false},"author":1,"featured_media":0,"parent":0,"menu_order":0,"comment_status":"closed","ping_status":"closed","template":"","meta":{"footnotes":""},"class_list":["post-12","page","type-page","status-publish","hentry","description-off"],"yoast_head":"<!-- This site is optimized with the Yoast SEO plugin v27.5 - https:\/\/yoast.com\/product\/yoast-seo-wordpress\/ -->\n<title>Wozu sind wir da? - Hoefliger Partners<\/title>\n<meta name=\"description\" content=\"To meet the enormous challenges that come with the increase of volatility, uncertainty, complexity and ambiguity (VUCA) in our world.\" \/>\n<meta name=\"robots\" content=\"index, follow, max-snippet:-1, max-image-preview:large, max-video-preview:-1\" \/>\n<link rel=\"canonical\" href=\"https:\/\/hoefligerpartners.swiss\/why-are-we-here\/\" \/>\n<meta property=\"og:locale\" content=\"de_DE\" \/>\n<meta property=\"og:type\" content=\"article\" \/>\n<meta property=\"og:title\" content=\"Wozu sind wir da? - Hoefliger Partners\" \/>\n<meta property=\"og:description\" content=\"To meet the enormous challenges that come with the increase of volatility, uncertainty, complexity and ambiguity (VUCA) in our world.\" \/>\n<meta property=\"og:url\" content=\"https:\/\/hoefligerpartners.swiss\/why-are-we-here\/\" \/>\n<meta property=\"og:site_name\" content=\"Hoefliger Partners\" \/>\n<meta property=\"article:modified_time\" content=\"2025-11-24T15:15:09+00:00\" \/>\n<meta name=\"twitter:card\" content=\"summary_large_image\" \/>\n<meta name=\"twitter:label1\" content=\"Gesch\u00e4tzte Lesezeit\" \/>\n\t<meta name=\"twitter:data1\" content=\"1\u00a0Minute\" \/>\n<script type=\"application\/ld+json\" class=\"yoast-schema-graph\">{\"@context\":\"https:\\\/\\\/schema.org\",\"@graph\":[{\"@type\":\"WebPage\",\"@id\":\"https:\\\/\\\/hoefligerpartners.swiss\\\/why-are-we-here\\\/\",\"url\":\"https:\\\/\\\/hoefligerpartners.swiss\\\/why-are-we-here\\\/\",\"name\":\"Wozu sind wir da? - Hoefliger Partners\",\"isPartOf\":{\"@id\":\"https:\\\/\\\/hoefligerpartners.swiss\\\/#website\"},\"datePublished\":\"2017-03-22T12:01:04+00:00\",\"dateModified\":\"2025-11-24T15:15:09+00:00\",\"description\":\"To meet the enormous challenges that come with the increase of volatility, uncertainty, complexity and ambiguity (VUCA) in our world.\",\"breadcrumb\":{\"@id\":\"https:\\\/\\\/hoefligerpartners.swiss\\\/why-are-we-here\\\/#breadcrumb\"},\"inLanguage\":\"de\",\"potentialAction\":[{\"@type\":\"ReadAction\",\"target\":[\"https:\\\/\\\/hoefligerpartners.swiss\\\/why-are-we-here\\\/\"]}]},{\"@type\":\"BreadcrumbList\",\"@id\":\"https:\\\/\\\/hoefligerpartners.swiss\\\/why-are-we-here\\\/#breadcrumb\",\"itemListElement\":[{\"@type\":\"ListItem\",\"position\":1,\"name\":\"Home\",\"item\":\"https:\\\/\\\/hoefligerpartners.swiss\\\/\"},{\"@type\":\"ListItem\",\"position\":2,\"name\":\"Why are we here\"}]},{\"@type\":\"WebSite\",\"@id\":\"https:\\\/\\\/hoefligerpartners.swiss\\\/#website\",\"url\":\"https:\\\/\\\/hoefligerpartners.swiss\\\/\",\"name\":\"Hoefliger Partners\",\"description\":\"Business Transformation - Kulturentwicklung - Organisationsentwicklung - Demokratisierung von Organisationen\",\"publisher\":{\"@id\":\"https:\\\/\\\/hoefligerpartners.swiss\\\/#organization\"},\"potentialAction\":[{\"@type\":\"SearchAction\",\"target\":{\"@type\":\"EntryPoint\",\"urlTemplate\":\"https:\\\/\\\/hoefligerpartners.swiss\\\/?s={search_term_string}\"},\"query-input\":{\"@type\":\"PropertyValueSpecification\",\"valueRequired\":true,\"valueName\":\"search_term_string\"}}],\"inLanguage\":\"de\"},{\"@type\":\"Organization\",\"@id\":\"https:\\\/\\\/hoefligerpartners.swiss\\\/#organization\",\"name\":\"Hoefliger Partners\",\"url\":\"https:\\\/\\\/hoefligerpartners.swiss\\\/\",\"logo\":{\"@type\":\"ImageObject\",\"inLanguage\":\"de\",\"@id\":\"https:\\\/\\\/hoefligerpartners.swiss\\\/#\\\/schema\\\/logo\\\/image\\\/\",\"url\":\"https:\\\/\\\/hoefligerpartners.swiss\\\/wp-content\\\/uploads\\\/2017\\\/09\\\/Hoefliger_Partners_logo.png\",\"contentUrl\":\"https:\\\/\\\/hoefligerpartners.swiss\\\/wp-content\\\/uploads\\\/2017\\\/09\\\/Hoefliger_Partners_logo.png\",\"width\":842,\"height\":270,\"caption\":\"Hoefliger Partners\"},\"image\":{\"@id\":\"https:\\\/\\\/hoefligerpartners.swiss\\\/#\\\/schema\\\/logo\\\/image\\\/\"}}]}<\/script>\n<!-- \/ Yoast SEO plugin. -->","yoast_head_json":{"title":"Wozu sind wir da? - Hoefliger Partners","description":"To meet the enormous challenges that come with the increase of volatility, uncertainty, complexity and ambiguity (VUCA) in our world.","robots":{"index":"index","follow":"follow","max-snippet":"max-snippet:-1","max-image-preview":"max-image-preview:large","max-video-preview":"max-video-preview:-1"},"canonical":"https:\/\/hoefligerpartners.swiss\/why-are-we-here\/","og_locale":"de_DE","og_type":"article","og_title":"Wozu sind wir da? - Hoefliger Partners","og_description":"To meet the enormous challenges that come with the increase of volatility, uncertainty, complexity and ambiguity (VUCA) in our world.","og_url":"https:\/\/hoefligerpartners.swiss\/why-are-we-here\/","og_site_name":"Hoefliger Partners","article_modified_time":"2025-11-24T15:15:09+00:00","twitter_card":"summary_large_image","twitter_misc":{"Gesch\u00e4tzte Lesezeit":"1\u00a0Minute"},"schema":{"@context":"https:\/\/schema.org","@graph":[{"@type":"WebPage","@id":"https:\/\/hoefligerpartners.swiss\/why-are-we-here\/","url":"https:\/\/hoefligerpartners.swiss\/why-are-we-here\/","name":"Wozu sind wir da? - Hoefliger Partners","isPartOf":{"@id":"https:\/\/hoefligerpartners.swiss\/#website"},"datePublished":"2017-03-22T12:01:04+00:00","dateModified":"2025-11-24T15:15:09+00:00","description":"To meet the enormous challenges that come with the increase of volatility, uncertainty, complexity and ambiguity (VUCA) in our world.","breadcrumb":{"@id":"https:\/\/hoefligerpartners.swiss\/why-are-we-here\/#breadcrumb"},"inLanguage":"de","potentialAction":[{"@type":"ReadAction","target":["https:\/\/hoefligerpartners.swiss\/why-are-we-here\/"]}]},{"@type":"BreadcrumbList","@id":"https:\/\/hoefligerpartners.swiss\/why-are-we-here\/#breadcrumb","itemListElement":[{"@type":"ListItem","position":1,"name":"Home","item":"https:\/\/hoefligerpartners.swiss\/"},{"@type":"ListItem","position":2,"name":"Why are we here"}]},{"@type":"WebSite","@id":"https:\/\/hoefligerpartners.swiss\/#website","url":"https:\/\/hoefligerpartners.swiss\/","name":"Hoefliger Partners","description":"Business Transformation - Kulturentwicklung - Organisationsentwicklung - Demokratisierung von Organisationen","publisher":{"@id":"https:\/\/hoefligerpartners.swiss\/#organization"},"potentialAction":[{"@type":"SearchAction","target":{"@type":"EntryPoint","urlTemplate":"https:\/\/hoefligerpartners.swiss\/?s={search_term_string}"},"query-input":{"@type":"PropertyValueSpecification","valueRequired":true,"valueName":"search_term_string"}}],"inLanguage":"de"},{"@type":"Organization","@id":"https:\/\/hoefligerpartners.swiss\/#organization","name":"Hoefliger Partners","url":"https:\/\/hoefligerpartners.swiss\/","logo":{"@type":"ImageObject","inLanguage":"de","@id":"https:\/\/hoefligerpartners.swiss\/#\/schema\/logo\/image\/","url":"https:\/\/hoefligerpartners.swiss\/wp-content\/uploads\/2017\/09\/Hoefliger_Partners_logo.png","contentUrl":"https:\/\/hoefligerpartners.swiss\/wp-content\/uploads\/2017\/09\/Hoefliger_Partners_logo.png","width":842,"height":270,"caption":"Hoefliger Partners"},"image":{"@id":"https:\/\/hoefligerpartners.swiss\/#\/schema\/logo\/image\/"}}]}},"_links":{"self":[{"href":"https:\/\/hoefligerpartners.swiss\/de\/wp-json\/wp\/v2\/pages\/12","targetHints":{"allow":["GET"]}}],"collection":[{"href":"https:\/\/hoefligerpartners.swiss\/de\/wp-json\/wp\/v2\/pages"}],"about":[{"href":"https:\/\/hoefligerpartners.swiss\/de\/wp-json\/wp\/v2\/types\/page"}],"author":[{"embeddable":true,"href":"https:\/\/hoefligerpartners.swiss\/de\/wp-json\/wp\/v2\/users\/1"}],"replies":[{"embeddable":true,"href":"https:\/\/hoefligerpartners.swiss\/de\/wp-json\/wp\/v2\/comments?post=12"}],"version-history":[{"count":44,"href":"https:\/\/hoefligerpartners.swiss\/de\/wp-json\/wp\/v2\/pages\/12\/revisions"}],"predecessor-version":[{"id":1562,"href":"https:\/\/hoefligerpartners.swiss\/de\/wp-json\/wp\/v2\/pages\/12\/revisions\/1562"}],"wp:attachment":[{"href":"https:\/\/hoefligerpartners.swiss\/de\/wp-json\/wp\/v2\/media?parent=12"}],"curies":[{"name":"wp","href":"https:\/\/api.w.org\/{rel}","templated":true}]}}