{"id":1113,"date":"2020-03-24T17:20:56","date_gmt":"2020-03-24T17:20:56","guid":{"rendered":"http:\/\/hoefligerpartners.swiss\/?page_id=1113"},"modified":"2022-07-13T13:20:43","modified_gmt":"2022-07-13T13:20:43","slug":"online-meetings","status":"publish","type":"page","link":"https:\/\/hoefligerpartners.swiss\/de\/online-meetings\/","title":{"rendered":"Produktive online Zusammenarbeit &#8211; interaktive Videokonferenzen, -meetings und -workshops"},"content":{"rendered":"<p>[vc_row][vc_column width=&#8220;1\/2&#8243;][vc_single_image image=&#8220;1149&#8243; img_size=&#8220;577&#215;313&#8243;][\/vc_column][vc_column width=&#8220;1\/2&#8243;][vc_column_text]F\u00fcr viele Firmen war die Covid-Pandemie die Chance schlechthin, die online Zusammenarbeit zu f\u00f6rdern &#8211; und zugleich war es eine Herausforderung: gleichzeitig mussten sowohl F\u00fchrungs- und Zusammenarbeitsfragen als auch technische und finanzielle Fragen beantwortet und gel\u00f6st werden, und dies auf dem Hintergrund erheblicher psychischer Herausforderungen.<br \/>\nWir unterst\u00fctzen Sie bei folgenden Fragestellungen:<\/p>\n<ul>\n<li>Basics:<br \/>\n\u25cb Wie gestalte, organisiere und leite ich interaktive online Besprechungen, Meetings und Workshops?<br \/>\n\u25cb Welche Tools nutzen wir wof\u00fcr am besten? Vor- und Nachteile der verschiedenen Tools?<br \/>\n\u25cb Wie moderiere ich online Besprechungen? Vor- und Nachbereitung?<br \/>\n\u25cb Do&#8217;s &amp; Don&#8217;t&#8217;s in digitalen Besprechungen? Online Knigge?<\/li>\n<li>Advanced:<br \/>\n\u25cb Wie gestalte ich ein lebendiges, interaktives, produktives Meeting?<br \/>\n\u25cb Welches sind die h\u00e4ufigsten St\u00f6rungen und wie gehen wir damit um?<br \/>\n\u25cb Welche Zusatz-Tools sind n\u00fctzlich?\u00a0 (elektronische Flip-charts, WhiteBoards, Elektronische Abstimmungen, Priorisierungen, Entscheidungen)<br \/>\n\u25cb Zusammenarbeit ist mehr als Videokonferenzen abhalten! Welche Kollaborationstools gibt es?<br \/>\nVor-\/Nachteile integrierte Tools wie Microsoft Teams<br \/>\nAlternativen f\u00fcr Chats, gemeinsame Dateiablage, Arbeitsplanung, Aufgaben (Task) Management, gemeinsames Notizbuch, \u2026<\/li>\n<li>Experts:<br \/>\n\u25cb Wie gestalte ich online Gruppenarbeiten, Break out Sessions, Votings etc.? &gt; Remote Digital Workshops<br \/>\n\u25cb Was tun, wenn die Emotionen hoch gehen? Wie reagieren bei Spannungen und Konflikten?<br \/>\n\u25cb Ansprachen an die gesamte Belegschaft: Worauf achten?<br \/>\n\u25cb Grossen Gruppen: Wie interaktive Workshops mit vielen Teilnehmenden gestalten und moderieren?<\/li>\n<li>Spezifische Themen<br \/>\n\u25cb Sales: Wie online verkaufen?<br \/>\n\u25cb Projektmanagement: Wie online Projekte f\u00fchren?<br \/>\n\u25cb Wie Aus- und Weiterbildung online gestalten und durchf\u00fchren?<\/li>\n<\/ul>\n<p>Covid-19 f\u00fchrt zu Homeoffice und verhindert face-to-face Besprechungen und Workshops.<br \/>\nGerade aufgrund der herausfordernden Bedingungen in unserer VUCA-Welt ist es aktuell sehr wichtig eine intensive Zusammenarbeit aufrecht zu erhalten. L\u00f6sungen f\u00fcr komplexe Problemstellungen k\u00f6nnen nur gemeinsam gefunden werden. Eine reibungslose digitale Zusammenarbeit ist deshalb jetzt erfolgsentscheidend.[\/vc_column_text][\/vc_column][\/vc_row]<\/p>","protected":false},"excerpt":{"rendered":"<p>[vc_row][vc_column width=&#8220;1\/2&#8243;][vc_single_image image=&#8220;1149&#8243; img_size=&#8220;577&#215;313&#8243;][\/vc_column][vc_column width=&#8220;1\/2&#8243;][vc_column_text]F\u00fcr viele Firmen war die Covid-Pandemie die Chance schlechthin, die online Zusammenarbeit zu f\u00f6rdern &#8211; und zugleich war es eine Herausforderung: gleichzeitig mussten sowohl F\u00fchrungs- und Zusammenarbeitsfragen als auch technische und finanzielle Fragen beantwortet und gel\u00f6st werden, und dies auf dem Hintergrund erheblicher psychischer Herausforderungen. Wir unterst\u00fctzen Sie bei folgenden Fragestellungen:&hellip;<\/p>\n","protected":false},"author":5,"featured_media":0,"parent":0,"menu_order":0,"comment_status":"closed","ping_status":"closed","template":"","meta":{"footnotes":""},"class_list":["post-1113","page","type-page","status-publish","hentry","description-off"],"yoast_head":"<!-- This site is optimized with the Yoast SEO plugin v27.5 - https:\/\/yoast.com\/product\/yoast-seo-wordpress\/ -->\n<title>Produktive online Zusammenarbeit - interaktive Videokonferenzen, -meetings und -workshops - Hoefliger Partners<\/title>\n<meta name=\"robots\" content=\"index, follow, max-snippet:-1, max-image-preview:large, max-video-preview:-1\" \/>\n<link rel=\"canonical\" href=\"https:\/\/hoefligerpartners.swiss\/online-meetings\/\" \/>\n<meta property=\"og:locale\" content=\"de_DE\" \/>\n<meta property=\"og:type\" content=\"article\" \/>\n<meta property=\"og:title\" content=\"Produktive online Zusammenarbeit - interaktive Videokonferenzen, -meetings und -workshops - Hoefliger Partners\" \/>\n<meta property=\"og:description\" content=\"[vc_row][vc_column width=&#8220;1\/2&#8243;][vc_single_image image=&#8220;1149&#8243; img_size=&#8220;577&#215;313&#8243;][\/vc_column][vc_column width=&#8220;1\/2&#8243;][vc_column_text]F\u00fcr viele Firmen war die Covid-Pandemie die Chance schlechthin, die online Zusammenarbeit zu f\u00f6rdern &#8211; und zugleich war es eine Herausforderung: gleichzeitig mussten sowohl F\u00fchrungs- und Zusammenarbeitsfragen als auch technische und finanzielle Fragen beantwortet und gel\u00f6st werden, und dies auf dem Hintergrund erheblicher psychischer Herausforderungen. Wir unterst\u00fctzen Sie bei folgenden Fragestellungen:&hellip;\" \/>\n<meta property=\"og:url\" content=\"https:\/\/hoefligerpartners.swiss\/online-meetings\/\" \/>\n<meta property=\"og:site_name\" content=\"Hoefliger Partners\" \/>\n<meta property=\"article:modified_time\" content=\"2022-07-13T13:20:43+00:00\" \/>\n<meta name=\"twitter:card\" content=\"summary_large_image\" \/>\n<meta name=\"twitter:label1\" content=\"Gesch\u00e4tzte Lesezeit\" \/>\n\t<meta name=\"twitter:data1\" content=\"2\u00a0Minuten\" \/>\n<script type=\"application\/ld+json\" class=\"yoast-schema-graph\">{\"@context\":\"https:\\\/\\\/schema.org\",\"@graph\":[{\"@type\":\"WebPage\",\"@id\":\"https:\\\/\\\/hoefligerpartners.swiss\\\/online-meetings\\\/\",\"url\":\"https:\\\/\\\/hoefligerpartners.swiss\\\/online-meetings\\\/\",\"name\":\"Produktive online Zusammenarbeit - interaktive Videokonferenzen, -meetings und -workshops - Hoefliger Partners\",\"isPartOf\":{\"@id\":\"https:\\\/\\\/hoefligerpartners.swiss\\\/#website\"},\"datePublished\":\"2020-03-24T17:20:56+00:00\",\"dateModified\":\"2022-07-13T13:20:43+00:00\",\"breadcrumb\":{\"@id\":\"https:\\\/\\\/hoefligerpartners.swiss\\\/online-meetings\\\/#breadcrumb\"},\"inLanguage\":\"de\",\"potentialAction\":[{\"@type\":\"ReadAction\",\"target\":[\"https:\\\/\\\/hoefligerpartners.swiss\\\/online-meetings\\\/\"]}]},{\"@type\":\"BreadcrumbList\",\"@id\":\"https:\\\/\\\/hoefligerpartners.swiss\\\/online-meetings\\\/#breadcrumb\",\"itemListElement\":[{\"@type\":\"ListItem\",\"position\":1,\"name\":\"Home\",\"item\":\"https:\\\/\\\/hoefligerpartners.swiss\\\/\"},{\"@type\":\"ListItem\",\"position\":2,\"name\":\"Produktive online Zusammenarbeit &#8211; interaktive Videokonferenzen, -meetings und -workshops\"}]},{\"@type\":\"WebSite\",\"@id\":\"https:\\\/\\\/hoefligerpartners.swiss\\\/#website\",\"url\":\"https:\\\/\\\/hoefligerpartners.swiss\\\/\",\"name\":\"Hoefliger Partners\",\"description\":\"Business Transformation - Kulturentwicklung - Organisationsentwicklung - Demokratisierung von Organisationen\",\"publisher\":{\"@id\":\"https:\\\/\\\/hoefligerpartners.swiss\\\/#organization\"},\"potentialAction\":[{\"@type\":\"SearchAction\",\"target\":{\"@type\":\"EntryPoint\",\"urlTemplate\":\"https:\\\/\\\/hoefligerpartners.swiss\\\/?s={search_term_string}\"},\"query-input\":{\"@type\":\"PropertyValueSpecification\",\"valueRequired\":true,\"valueName\":\"search_term_string\"}}],\"inLanguage\":\"de\"},{\"@type\":\"Organization\",\"@id\":\"https:\\\/\\\/hoefligerpartners.swiss\\\/#organization\",\"name\":\"Hoefliger Partners\",\"url\":\"https:\\\/\\\/hoefligerpartners.swiss\\\/\",\"logo\":{\"@type\":\"ImageObject\",\"inLanguage\":\"de\",\"@id\":\"https:\\\/\\\/hoefligerpartners.swiss\\\/#\\\/schema\\\/logo\\\/image\\\/\",\"url\":\"https:\\\/\\\/hoefligerpartners.swiss\\\/wp-content\\\/uploads\\\/2017\\\/09\\\/Hoefliger_Partners_logo.png\",\"contentUrl\":\"https:\\\/\\\/hoefligerpartners.swiss\\\/wp-content\\\/uploads\\\/2017\\\/09\\\/Hoefliger_Partners_logo.png\",\"width\":842,\"height\":270,\"caption\":\"Hoefliger Partners\"},\"image\":{\"@id\":\"https:\\\/\\\/hoefligerpartners.swiss\\\/#\\\/schema\\\/logo\\\/image\\\/\"}}]}<\/script>\n<!-- \/ Yoast SEO plugin. -->","yoast_head_json":{"title":"Produktive online Zusammenarbeit - interaktive Videokonferenzen, -meetings und -workshops - Hoefliger Partners","robots":{"index":"index","follow":"follow","max-snippet":"max-snippet:-1","max-image-preview":"max-image-preview:large","max-video-preview":"max-video-preview:-1"},"canonical":"https:\/\/hoefligerpartners.swiss\/online-meetings\/","og_locale":"de_DE","og_type":"article","og_title":"Produktive online Zusammenarbeit - interaktive Videokonferenzen, -meetings und -workshops - Hoefliger Partners","og_description":"[vc_row][vc_column width=&#8220;1\/2&#8243;][vc_single_image image=&#8220;1149&#8243; img_size=&#8220;577&#215;313&#8243;][\/vc_column][vc_column width=&#8220;1\/2&#8243;][vc_column_text]F\u00fcr viele Firmen war die Covid-Pandemie die Chance schlechthin, die online Zusammenarbeit zu f\u00f6rdern &#8211; und zugleich war es eine Herausforderung: gleichzeitig mussten sowohl F\u00fchrungs- und Zusammenarbeitsfragen als auch technische und finanzielle Fragen beantwortet und gel\u00f6st werden, und dies auf dem Hintergrund erheblicher psychischer Herausforderungen. Wir unterst\u00fctzen Sie bei folgenden Fragestellungen:&hellip;","og_url":"https:\/\/hoefligerpartners.swiss\/online-meetings\/","og_site_name":"Hoefliger Partners","article_modified_time":"2022-07-13T13:20:43+00:00","twitter_card":"summary_large_image","twitter_misc":{"Gesch\u00e4tzte Lesezeit":"2\u00a0Minuten"},"schema":{"@context":"https:\/\/schema.org","@graph":[{"@type":"WebPage","@id":"https:\/\/hoefligerpartners.swiss\/online-meetings\/","url":"https:\/\/hoefligerpartners.swiss\/online-meetings\/","name":"Produktive online Zusammenarbeit - interaktive Videokonferenzen, -meetings und -workshops - Hoefliger Partners","isPartOf":{"@id":"https:\/\/hoefligerpartners.swiss\/#website"},"datePublished":"2020-03-24T17:20:56+00:00","dateModified":"2022-07-13T13:20:43+00:00","breadcrumb":{"@id":"https:\/\/hoefligerpartners.swiss\/online-meetings\/#breadcrumb"},"inLanguage":"de","potentialAction":[{"@type":"ReadAction","target":["https:\/\/hoefligerpartners.swiss\/online-meetings\/"]}]},{"@type":"BreadcrumbList","@id":"https:\/\/hoefligerpartners.swiss\/online-meetings\/#breadcrumb","itemListElement":[{"@type":"ListItem","position":1,"name":"Home","item":"https:\/\/hoefligerpartners.swiss\/"},{"@type":"ListItem","position":2,"name":"Produktive online Zusammenarbeit &#8211; interaktive Videokonferenzen, -meetings und -workshops"}]},{"@type":"WebSite","@id":"https:\/\/hoefligerpartners.swiss\/#website","url":"https:\/\/hoefligerpartners.swiss\/","name":"Hoefliger Partners","description":"Business Transformation - Kulturentwicklung - Organisationsentwicklung - Demokratisierung von Organisationen","publisher":{"@id":"https:\/\/hoefligerpartners.swiss\/#organization"},"potentialAction":[{"@type":"SearchAction","target":{"@type":"EntryPoint","urlTemplate":"https:\/\/hoefligerpartners.swiss\/?s={search_term_string}"},"query-input":{"@type":"PropertyValueSpecification","valueRequired":true,"valueName":"search_term_string"}}],"inLanguage":"de"},{"@type":"Organization","@id":"https:\/\/hoefligerpartners.swiss\/#organization","name":"Hoefliger Partners","url":"https:\/\/hoefligerpartners.swiss\/","logo":{"@type":"ImageObject","inLanguage":"de","@id":"https:\/\/hoefligerpartners.swiss\/#\/schema\/logo\/image\/","url":"https:\/\/hoefligerpartners.swiss\/wp-content\/uploads\/2017\/09\/Hoefliger_Partners_logo.png","contentUrl":"https:\/\/hoefligerpartners.swiss\/wp-content\/uploads\/2017\/09\/Hoefliger_Partners_logo.png","width":842,"height":270,"caption":"Hoefliger Partners"},"image":{"@id":"https:\/\/hoefligerpartners.swiss\/#\/schema\/logo\/image\/"}}]}},"_links":{"self":[{"href":"https:\/\/hoefligerpartners.swiss\/de\/wp-json\/wp\/v2\/pages\/1113","targetHints":{"allow":["GET"]}}],"collection":[{"href":"https:\/\/hoefligerpartners.swiss\/de\/wp-json\/wp\/v2\/pages"}],"about":[{"href":"https:\/\/hoefligerpartners.swiss\/de\/wp-json\/wp\/v2\/types\/page"}],"author":[{"embeddable":true,"href":"https:\/\/hoefligerpartners.swiss\/de\/wp-json\/wp\/v2\/users\/5"}],"replies":[{"embeddable":true,"href":"https:\/\/hoefligerpartners.swiss\/de\/wp-json\/wp\/v2\/comments?post=1113"}],"version-history":[{"count":17,"href":"https:\/\/hoefligerpartners.swiss\/de\/wp-json\/wp\/v2\/pages\/1113\/revisions"}],"predecessor-version":[{"id":1391,"href":"https:\/\/hoefligerpartners.swiss\/de\/wp-json\/wp\/v2\/pages\/1113\/revisions\/1391"}],"wp:attachment":[{"href":"https:\/\/hoefligerpartners.swiss\/de\/wp-json\/wp\/v2\/media?parent=1113"}],"curies":[{"name":"wp","href":"https:\/\/api.w.org\/{rel}","templated":true}]}}